{"id":34793,"date":"2026-02-24T11:08:33","date_gmt":"2026-02-24T10:08:33","guid":{"rendered":"https:\/\/imprimeideas.es\/?post_type=product&p=34793"},"modified":"2026-02-26T18:08:07","modified_gmt":"2026-02-26T17:08:07","slug":"bloc-notas-diser","status":"publish","type":"product","link":"https:\/\/imprimeideas.es\/en\/product\/bloc-notas-diser\/","title":{"rendered":"Bloc Notas Diser"},"content":{"rendered":"<p>Bloc de notas adhesivas de anillas con bol\u00edgrafo de cart\u00f3n reciclado incluido. Con tapas de suave tacto acabadas en resistente cart\u00f3n reciclado r\u00edgido con troquelado. Con bloc de 50 hojas de distribuci\u00f3n a una raya, 15 notas adhesivas grandes y 75 mini notas adhesivas. Bol\u00edgrafo con tinta azul.<\/p>","protected":false},"excerpt":{"rendered":"<p>50 Hojas. 15 Notas Adhesivas 4,4 x 7,5 cm. 75 Mininotas Adhesivas 1,4 x 4,4 cm. Bol\u00edgrafo Cart\u00f3n Reciclado Incluido<\/p>","protected":false},"featured_media":79785,"comment_status":"open","ping_status":"open","template":"","meta":{"inline_featured_image":false},"product_brand":[],"product_cat":[122,96],"product_tag":[],"class_list":{"0":"post-34793","1":"product","2":"type-product","3":"status-publish","4":"has-post-thumbnail","6":"product_cat-articulos-sostenibles","7":"product_cat-oficina-y-negocios","9":"first","10":"instock","11":"taxable","12":"shipping-taxable","13":"purchasable","14":"product-type-variable","15":"has-default-attributes"},"aioseo_notices":[],"_links":{"self":[{"href":"https:\/\/imprimeideas.es\/en\/wp-json\/wp\/v2\/product\/34793","targetHints":{"allow":["GET"]}}],"collection":[{"href":"https:\/\/imprimeideas.es\/en\/wp-json\/wp\/v2\/product"}],"about":[{"href":"https:\/\/imprimeideas.es\/en\/wp-json\/wp\/v2\/types\/product"}],"replies":[{"embeddable":true,"href":"https:\/\/imprimeideas.es\/en\/wp-json\/wp\/v2\/comments?post=34793"}],"version-history":[{"count":1,"href":"https:\/\/imprimeideas.es\/en\/wp-json\/wp\/v2\/product\/34793\/revisions"}],"predecessor-version":[{"id":59875,"href":"https:\/\/imprimeideas.es\/en\/wp-json\/wp\/v2\/product\/34793\/revisions\/59875"}],"wp:featuredmedia":[{"embeddable":true,"href":"https:\/\/imprimeideas.es\/en\/wp-json\/wp\/v2\/media\/79785"}],"wp:attachment":[{"href":"https:\/\/imprimeideas.es\/en\/wp-json\/wp\/v2\/media?parent=34793"}],"wp:term":[{"taxonomy":"product_brand","embeddable":true,"href":"https:\/\/imprimeideas.es\/en\/wp-json\/wp\/v2\/product_brand?post=34793"},{"taxonomy":"product_cat","embeddable":true,"href":"https:\/\/imprimeideas.es\/en\/wp-json\/wp\/v2\/product_cat?post=34793"},{"taxonomy":"product_tag","embeddable":true,"href":"https:\/\/imprimeideas.es\/en\/wp-json\/wp\/v2\/product_tag?post=34793"}],"curies":[{"name":"wp","href":"https:\/\/api.w.org\/{rel}","templated":true}]}}