{"id":34791,"date":"2026-02-24T11:08:33","date_gmt":"2026-02-24T10:08:33","guid":{"rendered":"https:\/\/imprimeideas.es\/?post_type=product&p=34791"},"modified":"2026-02-26T18:08:12","modified_gmt":"2026-02-26T17:08:12","slug":"bloc-notas-lazza","status":"publish","type":"product","link":"https:\/\/imprimeideas.es\/en\/product\/bloc-notas-lazza\/","title":{"rendered":"Bloc Notas Lazza"},"content":{"rendered":"<p>Original bloc de notas adhesivas de anillas con dise\u00f1o de bocadillo y tapas de suave tacto acabadas en resistente cart\u00f3n reciclado r\u00edgido. Con 100 notas adhesivas grandes y 125 mini notas adhesivas.<\/p>","protected":false},"excerpt":{"rendered":"<p>100 Notas Adhesivas 5,1 x 7,5 cm. 125 Mininotas Adhesivas 1,5 x 5,1 cm<\/p>","protected":false},"featured_media":81435,"comment_status":"open","ping_status":"open","template":"","meta":{"inline_featured_image":false},"product_brand":[],"product_cat":[122,96],"product_tag":[],"class_list":{"0":"post-34791","1":"product","2":"type-product","3":"status-publish","4":"has-post-thumbnail","6":"product_cat-articulos-sostenibles","7":"product_cat-oficina-y-negocios","9":"first","10":"outofstock","11":"taxable","12":"shipping-taxable","13":"purchasable","14":"product-type-variable","15":"has-default-attributes"},"aioseo_notices":[],"_links":{"self":[{"href":"https:\/\/imprimeideas.es\/en\/wp-json\/wp\/v2\/product\/34791","targetHints":{"allow":["GET"]}}],"collection":[{"href":"https:\/\/imprimeideas.es\/en\/wp-json\/wp\/v2\/product"}],"about":[{"href":"https:\/\/imprimeideas.es\/en\/wp-json\/wp\/v2\/types\/product"}],"replies":[{"embeddable":true,"href":"https:\/\/imprimeideas.es\/en\/wp-json\/wp\/v2\/comments?post=34791"}],"version-history":[{"count":1,"href":"https:\/\/imprimeideas.es\/en\/wp-json\/wp\/v2\/product\/34791\/revisions"}],"predecessor-version":[{"id":59874,"href":"https:\/\/imprimeideas.es\/en\/wp-json\/wp\/v2\/product\/34791\/revisions\/59874"}],"wp:featuredmedia":[{"embeddable":true,"href":"https:\/\/imprimeideas.es\/en\/wp-json\/wp\/v2\/media\/81435"}],"wp:attachment":[{"href":"https:\/\/imprimeideas.es\/en\/wp-json\/wp\/v2\/media?parent=34791"}],"wp:term":[{"taxonomy":"product_brand","embeddable":true,"href":"https:\/\/imprimeideas.es\/en\/wp-json\/wp\/v2\/product_brand?post=34791"},{"taxonomy":"product_cat","embeddable":true,"href":"https:\/\/imprimeideas.es\/en\/wp-json\/wp\/v2\/product_cat?post=34791"},{"taxonomy":"product_tag","embeddable":true,"href":"https:\/\/imprimeideas.es\/en\/wp-json\/wp\/v2\/product_tag?post=34791"}],"curies":[{"name":"wp","href":"https:\/\/api.w.org\/{rel}","templated":true}]}}