{"id":34757,"date":"2026-02-24T11:08:30","date_gmt":"2026-02-24T10:08:30","guid":{"rendered":"https:\/\/imprimeideas.es\/?post_type=product&p=34757"},"modified":"2026-02-26T18:13:41","modified_gmt":"2026-02-26T17:13:41","slug":"set-mandala-boltex","status":"publish","type":"product","link":"https:\/\/imprimeideas.es\/en\/product\/set-mandala-boltex\/","title":{"rendered":"Set Mandala Boltex"},"content":{"rendered":"<p>Set de l\u00e1pices y l\u00e1minas para colorear con dise\u00f1os mandala para colorear y relajarse. Incluye 12 l\u00e1pices de cuerpo hexagonal y 12 l\u00e1minas con dise\u00f1os diferentes. Presentado en estuche de cart\u00f3n con ventana.<\/p>","protected":false},"excerpt":{"rendered":"<p>12 L\u00e1pices y 12 L\u00e1minas Incluidas<\/p>","protected":false},"featured_media":81322,"comment_status":"open","ping_status":"open","template":"","meta":{"inline_featured_image":false},"product_brand":[],"product_cat":[100,108,106],"product_tag":[],"class_list":{"0":"post-34757","1":"product","2":"type-product","3":"status-publish","4":"has-post-thumbnail","6":"product_cat-escritura","7":"product_cat-infantil","8":"product_cat-regalos-y-premiums","10":"first","11":"instock","12":"taxable","13":"shipping-taxable","14":"purchasable","15":"product-type-variable","16":"has-default-attributes"},"aioseo_notices":[],"_links":{"self":[{"href":"https:\/\/imprimeideas.es\/en\/wp-json\/wp\/v2\/product\/34757","targetHints":{"allow":["GET"]}}],"collection":[{"href":"https:\/\/imprimeideas.es\/en\/wp-json\/wp\/v2\/product"}],"about":[{"href":"https:\/\/imprimeideas.es\/en\/wp-json\/wp\/v2\/types\/product"}],"replies":[{"embeddable":true,"href":"https:\/\/imprimeideas.es\/en\/wp-json\/wp\/v2\/comments?post=34757"}],"version-history":[{"count":1,"href":"https:\/\/imprimeideas.es\/en\/wp-json\/wp\/v2\/product\/34757\/revisions"}],"predecessor-version":[{"id":59865,"href":"https:\/\/imprimeideas.es\/en\/wp-json\/wp\/v2\/product\/34757\/revisions\/59865"}],"wp:featuredmedia":[{"embeddable":true,"href":"https:\/\/imprimeideas.es\/en\/wp-json\/wp\/v2\/media\/81322"}],"wp:attachment":[{"href":"https:\/\/imprimeideas.es\/en\/wp-json\/wp\/v2\/media?parent=34757"}],"wp:term":[{"taxonomy":"product_brand","embeddable":true,"href":"https:\/\/imprimeideas.es\/en\/wp-json\/wp\/v2\/product_brand?post=34757"},{"taxonomy":"product_cat","embeddable":true,"href":"https:\/\/imprimeideas.es\/en\/wp-json\/wp\/v2\/product_cat?post=34757"},{"taxonomy":"product_tag","embeddable":true,"href":"https:\/\/imprimeideas.es\/en\/wp-json\/wp\/v2\/product_tag?post=34757"}],"curies":[{"name":"wp","href":"https:\/\/api.w.org\/{rel}","templated":true}]}}