{"id":34725,"date":"2026-02-24T11:08:28","date_gmt":"2026-02-24T10:08:28","guid":{"rendered":"https:\/\/imprimeideas.es\/?post_type=product&p=34725"},"modified":"2026-02-26T18:42:36","modified_gmt":"2026-02-26T17:42:36","slug":"tarjetero-becam","status":"publish","type":"product","link":"https:\/\/imprimeideas.es\/en\/product\/tarjetero-becam\/","title":{"rendered":"Tarjetero Becam"},"content":{"rendered":"<p>Tarjetero con tecnolog\u00eda de seguridad RFID (Identificaci\u00f3n por Radio Frecuencia) que mantiene seguros tus dispositivos de transmisi\u00f3n de identidad. Resistente cuerpo de suave acabado de aluminio en desenfadados colores, con muesca para f\u00e1cil acceso a la tarjeta.<\/p>","protected":false},"excerpt":{"rendered":"<p>Protector RFID. 1 Compartimento<\/p>","protected":false},"featured_media":34893,"comment_status":"open","ping_status":"open","template":"","meta":{"inline_featured_image":false},"product_brand":[],"product_cat":[106,95],"product_tag":[],"class_list":{"0":"post-34725","1":"product","2":"type-product","3":"status-publish","4":"has-post-thumbnail","6":"product_cat-regalos-y-premiums","7":"product_cat-tecnologia-y-accesorios","9":"first","10":"instock","11":"taxable","12":"shipping-taxable","13":"purchasable","14":"product-type-variable","15":"has-default-attributes"},"aioseo_notices":[],"_links":{"self":[{"href":"https:\/\/imprimeideas.es\/en\/wp-json\/wp\/v2\/product\/34725","targetHints":{"allow":["GET"]}}],"collection":[{"href":"https:\/\/imprimeideas.es\/en\/wp-json\/wp\/v2\/product"}],"about":[{"href":"https:\/\/imprimeideas.es\/en\/wp-json\/wp\/v2\/types\/product"}],"replies":[{"embeddable":true,"href":"https:\/\/imprimeideas.es\/en\/wp-json\/wp\/v2\/comments?post=34725"}],"version-history":[{"count":1,"href":"https:\/\/imprimeideas.es\/en\/wp-json\/wp\/v2\/product\/34725\/revisions"}],"predecessor-version":[{"id":59861,"href":"https:\/\/imprimeideas.es\/en\/wp-json\/wp\/v2\/product\/34725\/revisions\/59861"}],"wp:featuredmedia":[{"embeddable":true,"href":"https:\/\/imprimeideas.es\/en\/wp-json\/wp\/v2\/media\/34893"}],"wp:attachment":[{"href":"https:\/\/imprimeideas.es\/en\/wp-json\/wp\/v2\/media?parent=34725"}],"wp:term":[{"taxonomy":"product_brand","embeddable":true,"href":"https:\/\/imprimeideas.es\/en\/wp-json\/wp\/v2\/product_brand?post=34725"},{"taxonomy":"product_cat","embeddable":true,"href":"https:\/\/imprimeideas.es\/en\/wp-json\/wp\/v2\/product_cat?post=34725"},{"taxonomy":"product_tag","embeddable":true,"href":"https:\/\/imprimeideas.es\/en\/wp-json\/wp\/v2\/product_tag?post=34725"}],"curies":[{"name":"wp","href":"https:\/\/api.w.org\/{rel}","templated":true}]}}