{"id":34719,"date":"2026-02-24T11:08:27","date_gmt":"2026-02-24T10:08:27","guid":{"rendered":"https:\/\/imprimeideas.es\/?post_type=product&p=34719"},"modified":"2026-02-26T18:19:17","modified_gmt":"2026-02-26T17:19:17","slug":"carpeta-bloguer","status":"publish","type":"product","link":"https:\/\/imprimeideas.es\/en\/product\/carpeta-bloguer\/","title":{"rendered":"Carpeta Bloguer"},"content":{"rendered":"<p>Carpeta en resistente cart\u00f3n reciclado de acabado r\u00edgido con bol\u00edgrafo de cart\u00f3n reciclado a juego incluido. Interior con bloc extra\u00edble de 20 hojas lisas, bolsillo de solapa, tarjetero y soporte para bol\u00edgrafo.<\/p>","protected":false},"excerpt":{"rendered":"<p>Bloc 20 Hojas. Bol\u00edgrafo Cart\u00f3n Reciclado Incluido<\/p>","protected":false},"featured_media":85753,"comment_status":"open","ping_status":"open","template":"","meta":{"inline_featured_image":false},"product_brand":[],"product_cat":[122,96,105],"product_tag":[],"class_list":{"0":"post-34719","1":"product","2":"type-product","3":"status-publish","4":"has-post-thumbnail","6":"product_cat-articulos-sostenibles","7":"product_cat-oficina-y-negocios","8":"product_cat-vino-accesorios-de-bebida-y-hosteleria","10":"first","11":"instock","12":"taxable","13":"shipping-taxable","14":"purchasable","15":"product-type-variable","16":"has-default-attributes"},"aioseo_notices":[],"_links":{"self":[{"href":"https:\/\/imprimeideas.es\/en\/wp-json\/wp\/v2\/product\/34719","targetHints":{"allow":["GET"]}}],"collection":[{"href":"https:\/\/imprimeideas.es\/en\/wp-json\/wp\/v2\/product"}],"about":[{"href":"https:\/\/imprimeideas.es\/en\/wp-json\/wp\/v2\/types\/product"}],"replies":[{"embeddable":true,"href":"https:\/\/imprimeideas.es\/en\/wp-json\/wp\/v2\/comments?post=34719"}],"version-history":[{"count":1,"href":"https:\/\/imprimeideas.es\/en\/wp-json\/wp\/v2\/product\/34719\/revisions"}],"predecessor-version":[{"id":59858,"href":"https:\/\/imprimeideas.es\/en\/wp-json\/wp\/v2\/product\/34719\/revisions\/59858"}],"wp:featuredmedia":[{"embeddable":true,"href":"https:\/\/imprimeideas.es\/en\/wp-json\/wp\/v2\/media\/85753"}],"wp:attachment":[{"href":"https:\/\/imprimeideas.es\/en\/wp-json\/wp\/v2\/media?parent=34719"}],"wp:term":[{"taxonomy":"product_brand","embeddable":true,"href":"https:\/\/imprimeideas.es\/en\/wp-json\/wp\/v2\/product_brand?post=34719"},{"taxonomy":"product_cat","embeddable":true,"href":"https:\/\/imprimeideas.es\/en\/wp-json\/wp\/v2\/product_cat?post=34719"},{"taxonomy":"product_tag","embeddable":true,"href":"https:\/\/imprimeideas.es\/en\/wp-json\/wp\/v2\/product_tag?post=34719"}],"curies":[{"name":"wp","href":"https:\/\/api.w.org\/{rel}","templated":true}]}}