{"id":34638,"date":"2026-02-24T11:08:21","date_gmt":"2026-02-24T10:08:21","guid":{"rendered":"https:\/\/imprimeideas.es\/?post_type=product&p=34638"},"modified":"2026-02-26T18:23:28","modified_gmt":"2026-02-26T17:23:28","slug":"bidon-deldye","status":"publish","type":"product","link":"https:\/\/imprimeideas.es\/en\/product\/bidon-deldye\/","title":{"rendered":"Bid\u00f3n Deldye"},"content":{"rendered":"<p>Bid\u00f3n infantil en alta calidad de 440ml de capacidad, con cuerpo de acabado en material trit\u00e1n de resistencia al calor (70\u00ba) y libre de BPA para la seguridad de los m\u00e1s peque\u00f1os. Con dosificador, tap\u00f3n a rosca y asa de transporte. Presentado en caja individual. Disponible manual de instrucciones en espa\u00f1ol e ingl\u00e9s.<\/p>","protected":false},"excerpt":{"rendered":"<p>440 ml<\/p>","protected":false},"featured_media":82468,"comment_status":"open","ping_status":"open","template":"","meta":{"inline_featured_image":false},"product_brand":[],"product_cat":[108,97],"product_tag":[],"class_list":{"0":"post-34638","1":"product","2":"type-product","3":"status-publish","4":"has-post-thumbnail","6":"product_cat-infantil","7":"product_cat-tazas-jarras-y-termos","9":"first","10":"instock","11":"taxable","12":"shipping-taxable","13":"purchasable","14":"product-type-variable","15":"has-default-attributes"},"aioseo_notices":[],"_links":{"self":[{"href":"https:\/\/imprimeideas.es\/en\/wp-json\/wp\/v2\/product\/34638","targetHints":{"allow":["GET"]}}],"collection":[{"href":"https:\/\/imprimeideas.es\/en\/wp-json\/wp\/v2\/product"}],"about":[{"href":"https:\/\/imprimeideas.es\/en\/wp-json\/wp\/v2\/types\/product"}],"replies":[{"embeddable":true,"href":"https:\/\/imprimeideas.es\/en\/wp-json\/wp\/v2\/comments?post=34638"}],"version-history":[{"count":1,"href":"https:\/\/imprimeideas.es\/en\/wp-json\/wp\/v2\/product\/34638\/revisions"}],"predecessor-version":[{"id":59834,"href":"https:\/\/imprimeideas.es\/en\/wp-json\/wp\/v2\/product\/34638\/revisions\/59834"}],"wp:featuredmedia":[{"embeddable":true,"href":"https:\/\/imprimeideas.es\/en\/wp-json\/wp\/v2\/media\/82468"}],"wp:attachment":[{"href":"https:\/\/imprimeideas.es\/en\/wp-json\/wp\/v2\/media?parent=34638"}],"wp:term":[{"taxonomy":"product_brand","embeddable":true,"href":"https:\/\/imprimeideas.es\/en\/wp-json\/wp\/v2\/product_brand?post=34638"},{"taxonomy":"product_cat","embeddable":true,"href":"https:\/\/imprimeideas.es\/en\/wp-json\/wp\/v2\/product_cat?post=34638"},{"taxonomy":"product_tag","embeddable":true,"href":"https:\/\/imprimeideas.es\/en\/wp-json\/wp\/v2\/product_tag?post=34638"}],"curies":[{"name":"wp","href":"https:\/\/api.w.org\/{rel}","templated":true}]}}