{"id":34439,"date":"2026-02-24T11:08:06","date_gmt":"2026-02-24T10:08:06","guid":{"rendered":"https:\/\/imprimeideas.es\/?post_type=product&p=34439"},"modified":"2026-02-26T18:42:34","modified_gmt":"2026-02-26T17:42:34","slug":"encendedor-plain","status":"publish","type":"product","link":"https:\/\/imprimeideas.es\/en\/product\/encendedor-plain\/","title":{"rendered":"Encendedor Plain"},"content":{"rendered":"<p>Encendedor a gas de mecanismo el\u00e9ctrico. Con protecci\u00f3n infantil, recargable, regulador de llama y disponible en variada gama de colores de acabado s\u00f3lido. Servidos en cajas de 50 unidades del mismo color.<\/p>","protected":false},"excerpt":{"rendered":"<p>Recargable<\/p>","protected":false},"featured_media":73559,"comment_status":"open","ping_status":"open","template":"","meta":{"inline_featured_image":false},"product_brand":[],"product_cat":[106],"product_tag":[],"class_list":{"0":"post-34439","1":"product","2":"type-product","3":"status-publish","4":"has-post-thumbnail","6":"product_cat-regalos-y-premiums","8":"first","9":"instock","10":"taxable","11":"shipping-taxable","12":"purchasable","13":"product-type-variable","14":"has-default-attributes"},"aioseo_notices":[],"_links":{"self":[{"href":"https:\/\/imprimeideas.es\/en\/wp-json\/wp\/v2\/product\/34439","targetHints":{"allow":["GET"]}}],"collection":[{"href":"https:\/\/imprimeideas.es\/en\/wp-json\/wp\/v2\/product"}],"about":[{"href":"https:\/\/imprimeideas.es\/en\/wp-json\/wp\/v2\/types\/product"}],"replies":[{"embeddable":true,"href":"https:\/\/imprimeideas.es\/en\/wp-json\/wp\/v2\/comments?post=34439"}],"version-history":[{"count":1,"href":"https:\/\/imprimeideas.es\/en\/wp-json\/wp\/v2\/product\/34439\/revisions"}],"predecessor-version":[{"id":60891,"href":"https:\/\/imprimeideas.es\/en\/wp-json\/wp\/v2\/product\/34439\/revisions\/60891"}],"wp:featuredmedia":[{"embeddable":true,"href":"https:\/\/imprimeideas.es\/en\/wp-json\/wp\/v2\/media\/73559"}],"wp:attachment":[{"href":"https:\/\/imprimeideas.es\/en\/wp-json\/wp\/v2\/media?parent=34439"}],"wp:term":[{"taxonomy":"product_brand","embeddable":true,"href":"https:\/\/imprimeideas.es\/en\/wp-json\/wp\/v2\/product_brand?post=34439"},{"taxonomy":"product_cat","embeddable":true,"href":"https:\/\/imprimeideas.es\/en\/wp-json\/wp\/v2\/product_cat?post=34439"},{"taxonomy":"product_tag","embeddable":true,"href":"https:\/\/imprimeideas.es\/en\/wp-json\/wp\/v2\/product_tag?post=34439"}],"curies":[{"name":"wp","href":"https:\/\/api.w.org\/{rel}","templated":true}]}}