{"id":34403,"date":"2026-02-24T11:08:03","date_gmt":"2026-02-24T10:08:03","guid":{"rendered":"https:\/\/imprimeideas.es\/?post_type=product&p=34403"},"modified":"2026-02-26T18:42:37","modified_gmt":"2026-02-26T17:42:37","slug":"alfombrilla-gong","status":"publish","type":"product","link":"https:\/\/imprimeideas.es\/en\/product\/alfombrilla-gong\/","title":{"rendered":"Alfombrilla Gong"},"content":{"rendered":"<p>Alfombrilla para rat\u00f3n fabricada en suave polipiel, con contraste de color blanco en las costuras. Base antideslizante y reposa mu\u00f1ecas acolchado para prevenir el estr\u00e9s y el dolor en las articulaciones. Presentada en estuche individual.<\/p>","protected":false},"excerpt":{"rendered":"<p>Reposamanos Acolchado. Antideslizante<\/p>","protected":false},"featured_media":77251,"comment_status":"open","ping_status":"open","template":"","meta":{"inline_featured_image":false},"product_brand":[],"product_cat":[96],"product_tag":[],"class_list":{"0":"post-34403","1":"product","2":"type-product","3":"status-publish","4":"has-post-thumbnail","6":"product_cat-oficina-y-negocios","8":"first","9":"instock","10":"taxable","11":"shipping-taxable","12":"purchasable","13":"product-type-variable","14":"has-default-attributes"},"aioseo_notices":[],"_links":{"self":[{"href":"https:\/\/imprimeideas.es\/en\/wp-json\/wp\/v2\/product\/34403","targetHints":{"allow":["GET"]}}],"collection":[{"href":"https:\/\/imprimeideas.es\/en\/wp-json\/wp\/v2\/product"}],"about":[{"href":"https:\/\/imprimeideas.es\/en\/wp-json\/wp\/v2\/types\/product"}],"replies":[{"embeddable":true,"href":"https:\/\/imprimeideas.es\/en\/wp-json\/wp\/v2\/comments?post=34403"}],"version-history":[{"count":1,"href":"https:\/\/imprimeideas.es\/en\/wp-json\/wp\/v2\/product\/34403\/revisions"}],"predecessor-version":[{"id":60884,"href":"https:\/\/imprimeideas.es\/en\/wp-json\/wp\/v2\/product\/34403\/revisions\/60884"}],"wp:featuredmedia":[{"embeddable":true,"href":"https:\/\/imprimeideas.es\/en\/wp-json\/wp\/v2\/media\/77251"}],"wp:attachment":[{"href":"https:\/\/imprimeideas.es\/en\/wp-json\/wp\/v2\/media?parent=34403"}],"wp:term":[{"taxonomy":"product_brand","embeddable":true,"href":"https:\/\/imprimeideas.es\/en\/wp-json\/wp\/v2\/product_brand?post=34403"},{"taxonomy":"product_cat","embeddable":true,"href":"https:\/\/imprimeideas.es\/en\/wp-json\/wp\/v2\/product_cat?post=34403"},{"taxonomy":"product_tag","embeddable":true,"href":"https:\/\/imprimeideas.es\/en\/wp-json\/wp\/v2\/product_tag?post=34403"}],"curies":[{"name":"wp","href":"https:\/\/api.w.org\/{rel}","templated":true}]}}