{"id":34386,"date":"2026-02-24T11:08:02","date_gmt":"2026-02-24T10:08:02","guid":{"rendered":"https:\/\/imprimeideas.es\/?post_type=product&p=34386"},"modified":"2026-02-26T18:19:15","modified_gmt":"2026-02-26T17:19:15","slug":"caja-lapices-garten","status":"publish","type":"product","link":"https:\/\/imprimeideas.es\/en\/product\/caja-lapices-garten\/","title":{"rendered":"Caja L\u00e1pices Garten"},"content":{"rendered":"<p>Set de 6 l\u00e1pices en caja de cart\u00f3n con acabado brillante en vivos colores y ventana. L\u00e1pices de madera con cuerpo cil\u00edndrico en variados colores brillantes y minas en divertidos colores.<\/p>","protected":false},"excerpt":{"rendered":"<p>6 L\u00e1pices<\/p>","protected":false},"featured_media":85204,"comment_status":"open","ping_status":"open","template":"","meta":{"inline_featured_image":false},"product_brand":[],"product_cat":[100,108],"product_tag":[],"class_list":{"0":"post-34386","1":"product","2":"type-product","3":"status-publish","4":"has-post-thumbnail","6":"product_cat-escritura","7":"product_cat-infantil","9":"first","10":"instock","11":"taxable","12":"shipping-taxable","13":"purchasable","14":"product-type-variable","15":"has-default-attributes"},"aioseo_notices":[],"_links":{"self":[{"href":"https:\/\/imprimeideas.es\/en\/wp-json\/wp\/v2\/product\/34386","targetHints":{"allow":["GET"]}}],"collection":[{"href":"https:\/\/imprimeideas.es\/en\/wp-json\/wp\/v2\/product"}],"about":[{"href":"https:\/\/imprimeideas.es\/en\/wp-json\/wp\/v2\/types\/product"}],"replies":[{"embeddable":true,"href":"https:\/\/imprimeideas.es\/en\/wp-json\/wp\/v2\/comments?post=34386"}],"version-history":[{"count":1,"href":"https:\/\/imprimeideas.es\/en\/wp-json\/wp\/v2\/product\/34386\/revisions"}],"predecessor-version":[{"id":60881,"href":"https:\/\/imprimeideas.es\/en\/wp-json\/wp\/v2\/product\/34386\/revisions\/60881"}],"wp:featuredmedia":[{"embeddable":true,"href":"https:\/\/imprimeideas.es\/en\/wp-json\/wp\/v2\/media\/85204"}],"wp:attachment":[{"href":"https:\/\/imprimeideas.es\/en\/wp-json\/wp\/v2\/media?parent=34386"}],"wp:term":[{"taxonomy":"product_brand","embeddable":true,"href":"https:\/\/imprimeideas.es\/en\/wp-json\/wp\/v2\/product_brand?post=34386"},{"taxonomy":"product_cat","embeddable":true,"href":"https:\/\/imprimeideas.es\/en\/wp-json\/wp\/v2\/product_cat?post=34386"},{"taxonomy":"product_tag","embeddable":true,"href":"https:\/\/imprimeideas.es\/en\/wp-json\/wp\/v2\/product_tag?post=34386"}],"curies":[{"name":"wp","href":"https:\/\/api.w.org\/{rel}","templated":true}]}}