{"id":34363,"date":"2026-02-24T11:07:44","date_gmt":"2026-02-24T10:07:44","guid":{"rendered":"https:\/\/imprimeideas.es\/?post_type=product&p=34363"},"modified":"2026-02-26T18:19:31","modified_gmt":"2026-02-26T17:19:31","slug":"escalimetro-thirty","status":"publish","type":"product","link":"https:\/\/imprimeideas.es\/en\/product\/escalimetro-thirty\/","title":{"rendered":"Escal\u00edmetro Thirty"},"content":{"rendered":"<p>Escal\u00edmetro de aluminio en dise\u00f1o triangular de 30cm. Escalas 1:20\/1:25\/1:50\/1:75\/1:100. Con cara lisa para marcaje. Presentado en caja individual.<\/p>","protected":false},"excerpt":{"rendered":"<p>30 cm. Escalas: 1:20, 1:25, 1:50, 1:75, 1:100<\/p>","protected":false},"featured_media":79808,"comment_status":"open","ping_status":"open","template":"","meta":{"inline_featured_image":false},"product_brand":[],"product_cat":[100,110,96],"product_tag":[],"class_list":{"0":"post-34363","1":"product","2":"type-product","3":"status-publish","4":"has-post-thumbnail","6":"product_cat-escritura","7":"product_cat-herramientas-brico-y-automovil","8":"product_cat-oficina-y-negocios","10":"first","11":"instock","12":"taxable","13":"shipping-taxable","14":"purchasable","15":"product-type-variable","16":"has-default-attributes"},"aioseo_notices":[],"_links":{"self":[{"href":"https:\/\/imprimeideas.es\/en\/wp-json\/wp\/v2\/product\/34363","targetHints":{"allow":["GET"]}}],"collection":[{"href":"https:\/\/imprimeideas.es\/en\/wp-json\/wp\/v2\/product"}],"about":[{"href":"https:\/\/imprimeideas.es\/en\/wp-json\/wp\/v2\/types\/product"}],"replies":[{"embeddable":true,"href":"https:\/\/imprimeideas.es\/en\/wp-json\/wp\/v2\/comments?post=34363"}],"version-history":[{"count":1,"href":"https:\/\/imprimeideas.es\/en\/wp-json\/wp\/v2\/product\/34363\/revisions"}],"predecessor-version":[{"id":60878,"href":"https:\/\/imprimeideas.es\/en\/wp-json\/wp\/v2\/product\/34363\/revisions\/60878"}],"wp:featuredmedia":[{"embeddable":true,"href":"https:\/\/imprimeideas.es\/en\/wp-json\/wp\/v2\/media\/79808"}],"wp:attachment":[{"href":"https:\/\/imprimeideas.es\/en\/wp-json\/wp\/v2\/media?parent=34363"}],"wp:term":[{"taxonomy":"product_brand","embeddable":true,"href":"https:\/\/imprimeideas.es\/en\/wp-json\/wp\/v2\/product_brand?post=34363"},{"taxonomy":"product_cat","embeddable":true,"href":"https:\/\/imprimeideas.es\/en\/wp-json\/wp\/v2\/product_cat?post=34363"},{"taxonomy":"product_tag","embeddable":true,"href":"https:\/\/imprimeideas.es\/en\/wp-json\/wp\/v2\/product_tag?post=34363"}],"curies":[{"name":"wp","href":"https:\/\/api.w.org\/{rel}","templated":true}]}}