{"id":34344,"date":"2026-02-24T11:07:43","date_gmt":"2026-02-24T10:07:43","guid":{"rendered":"https:\/\/imprimeideas.es\/?post_type=product&p=34344"},"modified":"2026-02-26T18:08:10","modified_gmt":"2026-02-26T17:08:10","slug":"portadocumentos-join","status":"publish","type":"product","link":"https:\/\/imprimeideas.es\/en\/product\/portadocumentos-join\/","title":{"rendered":"Portadocumentos Join"},"content":{"rendered":"<p>Portadocumentos de cierre de cremallera en suave acabado de poli\u00e9ster 600D de vivos colores. Con asas de transporte de original dise\u00f1o troquelado con refuerzo y ribetes en color negro con chapa met\u00e1lica de refuerzo en la base.<\/p>","protected":false},"excerpt":{"rendered":"<p>Portadocumentos de cierre de cremallera en suave acabado de poli\u00e9ster 600D de vivos colores. Con asas de transporte de original<\/p>","protected":false},"featured_media":73046,"comment_status":"open","ping_status":"open","template":"","meta":{"inline_featured_image":false},"product_brand":[],"product_cat":[96],"product_tag":[],"class_list":{"0":"post-34344","1":"product","2":"type-product","3":"status-publish","4":"has-post-thumbnail","6":"product_cat-oficina-y-negocios","8":"first","9":"instock","10":"taxable","11":"shipping-taxable","12":"purchasable","13":"product-type-variable","14":"has-default-attributes"},"aioseo_notices":[],"_links":{"self":[{"href":"https:\/\/imprimeideas.es\/en\/wp-json\/wp\/v2\/product\/34344","targetHints":{"allow":["GET"]}}],"collection":[{"href":"https:\/\/imprimeideas.es\/en\/wp-json\/wp\/v2\/product"}],"about":[{"href":"https:\/\/imprimeideas.es\/en\/wp-json\/wp\/v2\/types\/product"}],"replies":[{"embeddable":true,"href":"https:\/\/imprimeideas.es\/en\/wp-json\/wp\/v2\/comments?post=34344"}],"version-history":[{"count":1,"href":"https:\/\/imprimeideas.es\/en\/wp-json\/wp\/v2\/product\/34344\/revisions"}],"predecessor-version":[{"id":60875,"href":"https:\/\/imprimeideas.es\/en\/wp-json\/wp\/v2\/product\/34344\/revisions\/60875"}],"wp:featuredmedia":[{"embeddable":true,"href":"https:\/\/imprimeideas.es\/en\/wp-json\/wp\/v2\/media\/73046"}],"wp:attachment":[{"href":"https:\/\/imprimeideas.es\/en\/wp-json\/wp\/v2\/media?parent=34344"}],"wp:term":[{"taxonomy":"product_brand","embeddable":true,"href":"https:\/\/imprimeideas.es\/en\/wp-json\/wp\/v2\/product_brand?post=34344"},{"taxonomy":"product_cat","embeddable":true,"href":"https:\/\/imprimeideas.es\/en\/wp-json\/wp\/v2\/product_cat?post=34344"},{"taxonomy":"product_tag","embeddable":true,"href":"https:\/\/imprimeideas.es\/en\/wp-json\/wp\/v2\/product_tag?post=34344"}],"curies":[{"name":"wp","href":"https:\/\/api.w.org\/{rel}","templated":true}]}}