{"id":34338,"date":"2026-02-24T11:07:42","date_gmt":"2026-02-24T10:07:42","guid":{"rendered":"https:\/\/imprimeideas.es\/?post_type=product&p=34338"},"modified":"2026-02-26T18:28:03","modified_gmt":"2026-02-26T17:28:03","slug":"calculadora-ozone","status":"publish","type":"product","link":"https:\/\/imprimeideas.es\/en\/product\/calculadora-ozone\/","title":{"rendered":"Calculadora Ozone"},"content":{"rendered":"<p>Calculadora ecol\u00f3gica de 8 d\u00edgitos en original dise\u00f1o bicolor y funcionamiento con agua. Teclas de suave acabado, dosificador incluido y presentada en caja individual.<\/p>","protected":false},"excerpt":{"rendered":"<p>Funciona con Agua. Dosificador Incluido<\/p>","protected":false},"featured_media":79065,"comment_status":"open","ping_status":"open","template":"","meta":{"inline_featured_image":false},"product_brand":[],"product_cat":[96,128],"product_tag":[],"class_list":{"0":"post-34338","1":"product","2":"type-product","3":"status-publish","4":"has-post-thumbnail","6":"product_cat-oficina-y-negocios","7":"product_cat-outlet","9":"first","10":"instock","11":"taxable","12":"shipping-taxable","13":"purchasable","14":"product-type-variable","15":"has-default-attributes"},"aioseo_notices":[],"_links":{"self":[{"href":"https:\/\/imprimeideas.es\/en\/wp-json\/wp\/v2\/product\/34338","targetHints":{"allow":["GET"]}}],"collection":[{"href":"https:\/\/imprimeideas.es\/en\/wp-json\/wp\/v2\/product"}],"about":[{"href":"https:\/\/imprimeideas.es\/en\/wp-json\/wp\/v2\/types\/product"}],"replies":[{"embeddable":true,"href":"https:\/\/imprimeideas.es\/en\/wp-json\/wp\/v2\/comments?post=34338"}],"version-history":[{"count":1,"href":"https:\/\/imprimeideas.es\/en\/wp-json\/wp\/v2\/product\/34338\/revisions"}],"predecessor-version":[{"id":60873,"href":"https:\/\/imprimeideas.es\/en\/wp-json\/wp\/v2\/product\/34338\/revisions\/60873"}],"wp:featuredmedia":[{"embeddable":true,"href":"https:\/\/imprimeideas.es\/en\/wp-json\/wp\/v2\/media\/79065"}],"wp:attachment":[{"href":"https:\/\/imprimeideas.es\/en\/wp-json\/wp\/v2\/media?parent=34338"}],"wp:term":[{"taxonomy":"product_brand","embeddable":true,"href":"https:\/\/imprimeideas.es\/en\/wp-json\/wp\/v2\/product_brand?post=34338"},{"taxonomy":"product_cat","embeddable":true,"href":"https:\/\/imprimeideas.es\/en\/wp-json\/wp\/v2\/product_cat?post=34338"},{"taxonomy":"product_tag","embeddable":true,"href":"https:\/\/imprimeideas.es\/en\/wp-json\/wp\/v2\/product_tag?post=34338"}],"curies":[{"name":"wp","href":"https:\/\/api.w.org\/{rel}","templated":true}]}}