{"id":34293,"date":"2026-02-24T11:07:38","date_gmt":"2026-02-24T10:07:38","guid":{"rendered":"https:\/\/imprimeideas.es\/?post_type=product&p=34293"},"modified":"2026-02-26T18:23:27","modified_gmt":"2026-02-26T17:23:27","slug":"avioneta-baron","status":"publish","type":"product","link":"https:\/\/imprimeideas.es\/en\/product\/avioneta-baron\/","title":{"rendered":"Avioneta Bar\u00f3n"},"content":{"rendered":"<p>Avioneta desmontable con cuerpo en suave EVA de vivos colores y el\u00e1stico de lanzamiento. Presentada en pastilla plana para f\u00e1cil marcaje.<\/p>","protected":false},"excerpt":{"rendered":"<p>Placa: 17 x 13,5 x 0,3 cm. Avioneta: 12,7 x 4 x 15 cm<\/p>","protected":false},"featured_media":69183,"comment_status":"open","ping_status":"open","template":"","meta":{"inline_featured_image":false},"product_brand":[],"product_cat":[108],"product_tag":[],"class_list":{"0":"post-34293","1":"product","2":"type-product","3":"status-publish","4":"has-post-thumbnail","6":"product_cat-infantil","8":"first","9":"instock","10":"taxable","11":"shipping-taxable","12":"purchasable","13":"product-type-variable","14":"has-default-attributes"},"aioseo_notices":[],"_links":{"self":[{"href":"https:\/\/imprimeideas.es\/en\/wp-json\/wp\/v2\/product\/34293","targetHints":{"allow":["GET"]}}],"collection":[{"href":"https:\/\/imprimeideas.es\/en\/wp-json\/wp\/v2\/product"}],"about":[{"href":"https:\/\/imprimeideas.es\/en\/wp-json\/wp\/v2\/types\/product"}],"replies":[{"embeddable":true,"href":"https:\/\/imprimeideas.es\/en\/wp-json\/wp\/v2\/comments?post=34293"}],"version-history":[{"count":1,"href":"https:\/\/imprimeideas.es\/en\/wp-json\/wp\/v2\/product\/34293\/revisions"}],"predecessor-version":[{"id":60864,"href":"https:\/\/imprimeideas.es\/en\/wp-json\/wp\/v2\/product\/34293\/revisions\/60864"}],"wp:featuredmedia":[{"embeddable":true,"href":"https:\/\/imprimeideas.es\/en\/wp-json\/wp\/v2\/media\/69183"}],"wp:attachment":[{"href":"https:\/\/imprimeideas.es\/en\/wp-json\/wp\/v2\/media?parent=34293"}],"wp:term":[{"taxonomy":"product_brand","embeddable":true,"href":"https:\/\/imprimeideas.es\/en\/wp-json\/wp\/v2\/product_brand?post=34293"},{"taxonomy":"product_cat","embeddable":true,"href":"https:\/\/imprimeideas.es\/en\/wp-json\/wp\/v2\/product_cat?post=34293"},{"taxonomy":"product_tag","embeddable":true,"href":"https:\/\/imprimeideas.es\/en\/wp-json\/wp\/v2\/product_tag?post=34293"}],"curies":[{"name":"wp","href":"https:\/\/api.w.org\/{rel}","templated":true}]}}