{"id":34258,"date":"2026-02-24T11:07:36","date_gmt":"2026-02-24T10:07:36","guid":{"rendered":"https:\/\/imprimeideas.es\/?post_type=product&p=34258"},"modified":"2026-02-26T18:13:50","modified_gmt":"2026-02-26T17:13:50","slug":"calculadora-myd","status":"publish","type":"product","link":"https:\/\/imprimeideas.es\/en\/product\/calculadora-myd\/","title":{"rendered":"Calculadora Myd"},"content":{"rendered":"<p>Calculadora de 8 d\u00edgitos en original dise\u00f1o bicolor de vivos colores y con suaves teclas transparentes. Pila de bot\u00f3n incluida con film protector y presentada en caja individual.<\/p>","protected":false},"excerpt":{"rendered":"<p>8 D\u00edgitos. Pila Bot\u00f3n Incluida<\/p>","protected":false},"featured_media":84770,"comment_status":"open","ping_status":"open","template":"","meta":{"inline_featured_image":false},"product_brand":[],"product_cat":[96],"product_tag":[],"class_list":{"0":"post-34258","1":"product","2":"type-product","3":"status-publish","4":"has-post-thumbnail","6":"product_cat-oficina-y-negocios","8":"first","9":"instock","10":"taxable","11":"shipping-taxable","12":"purchasable","13":"product-type-variable","14":"has-default-attributes"},"aioseo_notices":[],"_links":{"self":[{"href":"https:\/\/imprimeideas.es\/en\/wp-json\/wp\/v2\/product\/34258","targetHints":{"allow":["GET"]}}],"collection":[{"href":"https:\/\/imprimeideas.es\/en\/wp-json\/wp\/v2\/product"}],"about":[{"href":"https:\/\/imprimeideas.es\/en\/wp-json\/wp\/v2\/types\/product"}],"replies":[{"embeddable":true,"href":"https:\/\/imprimeideas.es\/en\/wp-json\/wp\/v2\/comments?post=34258"}],"version-history":[{"count":1,"href":"https:\/\/imprimeideas.es\/en\/wp-json\/wp\/v2\/product\/34258\/revisions"}],"predecessor-version":[{"id":60854,"href":"https:\/\/imprimeideas.es\/en\/wp-json\/wp\/v2\/product\/34258\/revisions\/60854"}],"wp:featuredmedia":[{"embeddable":true,"href":"https:\/\/imprimeideas.es\/en\/wp-json\/wp\/v2\/media\/84770"}],"wp:attachment":[{"href":"https:\/\/imprimeideas.es\/en\/wp-json\/wp\/v2\/media?parent=34258"}],"wp:term":[{"taxonomy":"product_brand","embeddable":true,"href":"https:\/\/imprimeideas.es\/en\/wp-json\/wp\/v2\/product_brand?post=34258"},{"taxonomy":"product_cat","embeddable":true,"href":"https:\/\/imprimeideas.es\/en\/wp-json\/wp\/v2\/product_cat?post=34258"},{"taxonomy":"product_tag","embeddable":true,"href":"https:\/\/imprimeideas.es\/en\/wp-json\/wp\/v2\/product_tag?post=34258"}],"curies":[{"name":"wp","href":"https:\/\/api.w.org\/{rel}","templated":true}]}}