{"id":34247,"date":"2026-02-24T11:07:35","date_gmt":"2026-02-24T10:07:35","guid":{"rendered":"https:\/\/imprimeideas.es\/?post_type=product&p=34247"},"modified":"2026-02-26T18:19:13","modified_gmt":"2026-02-26T17:19:13","slug":"cinta-metrica-siluet","status":"publish","type":"product","link":"https:\/\/imprimeideas.es\/en\/product\/cinta-metrica-siluet\/","title":{"rendered":"Cinta M\u00e9trica Siluet"},"content":{"rendered":"<p>Cinta m\u00e9trica de PVC de 157cm de largo y mecanismo retr\u00e1ctil con bot\u00f3n de parada.<\/p>","protected":false},"excerpt":{"rendered":"<p>Cinta Autoajustable 157 cm<\/p>","protected":false},"featured_media":34479,"comment_status":"open","ping_status":"open","template":"","meta":{"inline_featured_image":false},"product_brand":[],"product_cat":[107],"product_tag":[],"class_list":{"0":"post-34247","1":"product","2":"type-product","3":"status-publish","4":"has-post-thumbnail","6":"product_cat-cuidado-personal-y-pharma","8":"first","9":"instock","10":"taxable","11":"shipping-taxable","12":"purchasable","13":"product-type-variable","14":"has-default-attributes"},"aioseo_notices":[],"_links":{"self":[{"href":"https:\/\/imprimeideas.es\/en\/wp-json\/wp\/v2\/product\/34247","targetHints":{"allow":["GET"]}}],"collection":[{"href":"https:\/\/imprimeideas.es\/en\/wp-json\/wp\/v2\/product"}],"about":[{"href":"https:\/\/imprimeideas.es\/en\/wp-json\/wp\/v2\/types\/product"}],"replies":[{"embeddable":true,"href":"https:\/\/imprimeideas.es\/en\/wp-json\/wp\/v2\/comments?post=34247"}],"version-history":[{"count":1,"href":"https:\/\/imprimeideas.es\/en\/wp-json\/wp\/v2\/product\/34247\/revisions"}],"predecessor-version":[{"id":60850,"href":"https:\/\/imprimeideas.es\/en\/wp-json\/wp\/v2\/product\/34247\/revisions\/60850"}],"wp:featuredmedia":[{"embeddable":true,"href":"https:\/\/imprimeideas.es\/en\/wp-json\/wp\/v2\/media\/34479"}],"wp:attachment":[{"href":"https:\/\/imprimeideas.es\/en\/wp-json\/wp\/v2\/media?parent=34247"}],"wp:term":[{"taxonomy":"product_brand","embeddable":true,"href":"https:\/\/imprimeideas.es\/en\/wp-json\/wp\/v2\/product_brand?post=34247"},{"taxonomy":"product_cat","embeddable":true,"href":"https:\/\/imprimeideas.es\/en\/wp-json\/wp\/v2\/product_cat?post=34247"},{"taxonomy":"product_tag","embeddable":true,"href":"https:\/\/imprimeideas.es\/en\/wp-json\/wp\/v2\/product_tag?post=34247"}],"curies":[{"name":"wp","href":"https:\/\/api.w.org\/{rel}","templated":true}]}}