{"id":34237,"date":"2026-02-24T11:07:34","date_gmt":"2026-02-24T10:07:34","guid":{"rendered":"https:\/\/imprimeideas.es\/?post_type=product&p=34237"},"modified":"2026-02-26T18:13:47","modified_gmt":"2026-02-26T17:13:47","slug":"calentador-tazas-mug","status":"publish","type":"product","link":"https:\/\/imprimeideas.es\/en\/product\/calentador-tazas-mug\/","title":{"rendered":"Calentador Tazas Mug"},"content":{"rendered":"<p>Calentador de tazas con conexi\u00f3n USB y de superficie met\u00e1lica, especialmente dise\u00f1ada para mantener el calor. De elegante dise\u00f1o en color gris y compatible con tazas de hasta 7,4cm de di\u00e1metro, incorpora interruptor en la parte trasera y luces de estado. Presentada en caja individual.<\/p>","protected":false},"excerpt":{"rendered":"<p>Conexi\u00f3n USB<\/p>","protected":false},"featured_media":66384,"comment_status":"open","ping_status":"open","template":"","meta":{"inline_featured_image":false},"product_brand":[],"product_cat":[96,97],"product_tag":[],"class_list":{"0":"post-34237","1":"product","2":"type-product","3":"status-publish","4":"has-post-thumbnail","6":"product_cat-oficina-y-negocios","7":"product_cat-tazas-jarras-y-termos","9":"first","10":"instock","11":"taxable","12":"shipping-taxable","13":"purchasable","14":"product-type-variable","15":"has-default-attributes"},"aioseo_notices":[],"_links":{"self":[{"href":"https:\/\/imprimeideas.es\/en\/wp-json\/wp\/v2\/product\/34237","targetHints":{"allow":["GET"]}}],"collection":[{"href":"https:\/\/imprimeideas.es\/en\/wp-json\/wp\/v2\/product"}],"about":[{"href":"https:\/\/imprimeideas.es\/en\/wp-json\/wp\/v2\/types\/product"}],"replies":[{"embeddable":true,"href":"https:\/\/imprimeideas.es\/en\/wp-json\/wp\/v2\/comments?post=34237"}],"version-history":[{"count":1,"href":"https:\/\/imprimeideas.es\/en\/wp-json\/wp\/v2\/product\/34237\/revisions"}],"predecessor-version":[{"id":60848,"href":"https:\/\/imprimeideas.es\/en\/wp-json\/wp\/v2\/product\/34237\/revisions\/60848"}],"wp:featuredmedia":[{"embeddable":true,"href":"https:\/\/imprimeideas.es\/en\/wp-json\/wp\/v2\/media\/66384"}],"wp:attachment":[{"href":"https:\/\/imprimeideas.es\/en\/wp-json\/wp\/v2\/media?parent=34237"}],"wp:term":[{"taxonomy":"product_brand","embeddable":true,"href":"https:\/\/imprimeideas.es\/en\/wp-json\/wp\/v2\/product_brand?post=34237"},{"taxonomy":"product_cat","embeddable":true,"href":"https:\/\/imprimeideas.es\/en\/wp-json\/wp\/v2\/product_cat?post=34237"},{"taxonomy":"product_tag","embeddable":true,"href":"https:\/\/imprimeideas.es\/en\/wp-json\/wp\/v2\/product_tag?post=34237"}],"curies":[{"name":"wp","href":"https:\/\/api.w.org\/{rel}","templated":true}]}}