{"id":34220,"date":"2026-02-24T11:07:33","date_gmt":"2026-02-24T10:07:33","guid":{"rendered":"https:\/\/imprimeideas.es\/?post_type=product&p=34220"},"modified":"2026-02-26T18:33:07","modified_gmt":"2026-02-26T17:33:07","slug":"chaleco-soviet","status":"publish","type":"product","link":"https:\/\/imprimeideas.es\/en\/product\/chaleco-soviet\/","title":{"rendered":"Chaleco Soviet"},"content":{"rendered":"<p>Chaleco en resistente combinaci\u00f3n de materiales algod\u00f3n y poli\u00e9ster de vivos colores. Cierre de cremallera principal, multitud de bolsillos frontales y laterales de gran capacidad con cierre de velcro y anilla met\u00e1lica en el pecho. Disponible en tallas L, XL, XXL.<\/p>","protected":false},"excerpt":{"rendered":"<p>Chaleco en resistente combinaci\u00f3n de materiales algod\u00f3n y poli\u00e9ster de vivos colores. Cierre de cremallera principal, multitud de bolsillos frontales<\/p>","protected":false},"featured_media":75900,"comment_status":"open","ping_status":"open","template":"","meta":{"inline_featured_image":false},"product_brand":[],"product_cat":[116],"product_tag":[],"class_list":{"0":"post-34220","1":"product","2":"type-product","3":"status-publish","4":"has-post-thumbnail","6":"product_cat-textil","8":"first","9":"instock","10":"taxable","11":"shipping-taxable","12":"purchasable","13":"product-type-variable","14":"has-default-attributes"},"aioseo_notices":[],"_links":{"self":[{"href":"https:\/\/imprimeideas.es\/en\/wp-json\/wp\/v2\/product\/34220","targetHints":{"allow":["GET"]}}],"collection":[{"href":"https:\/\/imprimeideas.es\/en\/wp-json\/wp\/v2\/product"}],"about":[{"href":"https:\/\/imprimeideas.es\/en\/wp-json\/wp\/v2\/types\/product"}],"replies":[{"embeddable":true,"href":"https:\/\/imprimeideas.es\/en\/wp-json\/wp\/v2\/comments?post=34220"}],"version-history":[{"count":1,"href":"https:\/\/imprimeideas.es\/en\/wp-json\/wp\/v2\/product\/34220\/revisions"}],"predecessor-version":[{"id":60845,"href":"https:\/\/imprimeideas.es\/en\/wp-json\/wp\/v2\/product\/34220\/revisions\/60845"}],"wp:featuredmedia":[{"embeddable":true,"href":"https:\/\/imprimeideas.es\/en\/wp-json\/wp\/v2\/media\/75900"}],"wp:attachment":[{"href":"https:\/\/imprimeideas.es\/en\/wp-json\/wp\/v2\/media?parent=34220"}],"wp:term":[{"taxonomy":"product_brand","embeddable":true,"href":"https:\/\/imprimeideas.es\/en\/wp-json\/wp\/v2\/product_brand?post=34220"},{"taxonomy":"product_cat","embeddable":true,"href":"https:\/\/imprimeideas.es\/en\/wp-json\/wp\/v2\/product_cat?post=34220"},{"taxonomy":"product_tag","embeddable":true,"href":"https:\/\/imprimeideas.es\/en\/wp-json\/wp\/v2\/product_tag?post=34220"}],"curies":[{"name":"wp","href":"https:\/\/api.w.org\/{rel}","templated":true}]}}