{"id":34180,"date":"2026-02-24T11:07:30","date_gmt":"2026-02-24T10:07:30","guid":{"rendered":"https:\/\/imprimeideas.es\/?post_type=product&p=34180"},"modified":"2026-02-25T20:02:07","modified_gmt":"2026-02-25T19:02:07","slug":"reloj-prego","status":"publish","type":"product","link":"https:\/\/imprimeideas.es\/en\/product\/reloj-prego\/","title":{"rendered":"Reloj Prego"},"content":{"rendered":"<p>Reloj anal\u00f3gico de pared de dise\u00f1o circular, con term\u00f3metro e higr\u00f3metro integrados. Alimentaci\u00f3n a pila: tipo AA no incluida y presentado en caja individual.<\/p>","protected":false},"excerpt":{"rendered":"<p>1 Pila AA No Incluida<\/p>","protected":false},"featured_media":36098,"comment_status":"open","ping_status":"open","template":"","meta":{"inline_featured_image":false},"product_brand":[],"product_cat":[104,95],"product_tag":[],"class_list":{"0":"post-34180","1":"product","2":"type-product","3":"status-publish","4":"has-post-thumbnail","6":"product_cat-hogar-y-decoracion","7":"product_cat-tecnologia-y-accesorios","9":"first","10":"outofstock","11":"taxable","12":"shipping-taxable","13":"purchasable","14":"product-type-variable","15":"has-default-attributes"},"aioseo_notices":[],"_links":{"self":[{"href":"https:\/\/imprimeideas.es\/en\/wp-json\/wp\/v2\/product\/34180","targetHints":{"allow":["GET"]}}],"collection":[{"href":"https:\/\/imprimeideas.es\/en\/wp-json\/wp\/v2\/product"}],"about":[{"href":"https:\/\/imprimeideas.es\/en\/wp-json\/wp\/v2\/types\/product"}],"replies":[{"embeddable":true,"href":"https:\/\/imprimeideas.es\/en\/wp-json\/wp\/v2\/comments?post=34180"}],"version-history":[{"count":1,"href":"https:\/\/imprimeideas.es\/en\/wp-json\/wp\/v2\/product\/34180\/revisions"}],"predecessor-version":[{"id":60836,"href":"https:\/\/imprimeideas.es\/en\/wp-json\/wp\/v2\/product\/34180\/revisions\/60836"}],"wp:featuredmedia":[{"embeddable":true,"href":"https:\/\/imprimeideas.es\/en\/wp-json\/wp\/v2\/media\/36098"}],"wp:attachment":[{"href":"https:\/\/imprimeideas.es\/en\/wp-json\/wp\/v2\/media?parent=34180"}],"wp:term":[{"taxonomy":"product_brand","embeddable":true,"href":"https:\/\/imprimeideas.es\/en\/wp-json\/wp\/v2\/product_brand?post=34180"},{"taxonomy":"product_cat","embeddable":true,"href":"https:\/\/imprimeideas.es\/en\/wp-json\/wp\/v2\/product_cat?post=34180"},{"taxonomy":"product_tag","embeddable":true,"href":"https:\/\/imprimeideas.es\/en\/wp-json\/wp\/v2\/product_tag?post=34180"}],"curies":[{"name":"wp","href":"https:\/\/api.w.org\/{rel}","templated":true}]}}