{"id":34081,"date":"2026-02-24T11:07:23","date_gmt":"2026-02-24T10:07:23","guid":{"rendered":"https:\/\/imprimeideas.es\/?post_type=product&p=34081"},"modified":"2026-02-26T18:33:01","modified_gmt":"2026-02-26T17:33:01","slug":"parasol-jumbo","status":"publish","type":"product","link":"https:\/\/imprimeideas.es\/en\/product\/parasol-jumbo\/","title":{"rendered":"Parasol Jumbo"},"content":{"rendered":"<p>Parasol en aluminio a una cara en color plateado de acabado metalizado con ribetes de poli\u00e9ster en color negro. De tama\u00f1o 130x70cm y espuma en el reverso. Cintas el\u00e1sticas de plegado con argollas met\u00e1licas de refuerzo, dos ventosas para ajuste en luna y presentaci\u00f3n desplegado en plancha para f\u00e1cil impresi\u00f3n.<\/p>","protected":false},"excerpt":{"rendered":"<p>Parasol en aluminio a una cara en color plateado de acabado metalizado con ribetes de poli\u00e9ster en color negro. De<\/p>","protected":false},"featured_media":85766,"comment_status":"open","ping_status":"open","template":"","meta":{"inline_featured_image":false},"product_brand":[],"product_cat":[110,114],"product_tag":[],"class_list":{"0":"post-34081","1":"product","2":"type-product","3":"status-publish","4":"has-post-thumbnail","6":"product_cat-herramientas-brico-y-automovil","7":"product_cat-verano-y-playa","9":"first","10":"instock","11":"taxable","12":"shipping-taxable","13":"purchasable","14":"product-type-variable","15":"has-default-attributes"},"aioseo_notices":[],"_links":{"self":[{"href":"https:\/\/imprimeideas.es\/en\/wp-json\/wp\/v2\/product\/34081","targetHints":{"allow":["GET"]}}],"collection":[{"href":"https:\/\/imprimeideas.es\/en\/wp-json\/wp\/v2\/product"}],"about":[{"href":"https:\/\/imprimeideas.es\/en\/wp-json\/wp\/v2\/types\/product"}],"replies":[{"embeddable":true,"href":"https:\/\/imprimeideas.es\/en\/wp-json\/wp\/v2\/comments?post=34081"}],"version-history":[{"count":1,"href":"https:\/\/imprimeideas.es\/en\/wp-json\/wp\/v2\/product\/34081\/revisions"}],"predecessor-version":[{"id":60820,"href":"https:\/\/imprimeideas.es\/en\/wp-json\/wp\/v2\/product\/34081\/revisions\/60820"}],"wp:featuredmedia":[{"embeddable":true,"href":"https:\/\/imprimeideas.es\/en\/wp-json\/wp\/v2\/media\/85766"}],"wp:attachment":[{"href":"https:\/\/imprimeideas.es\/en\/wp-json\/wp\/v2\/media?parent=34081"}],"wp:term":[{"taxonomy":"product_brand","embeddable":true,"href":"https:\/\/imprimeideas.es\/en\/wp-json\/wp\/v2\/product_brand?post=34081"},{"taxonomy":"product_cat","embeddable":true,"href":"https:\/\/imprimeideas.es\/en\/wp-json\/wp\/v2\/product_cat?post=34081"},{"taxonomy":"product_tag","embeddable":true,"href":"https:\/\/imprimeideas.es\/en\/wp-json\/wp\/v2\/product_tag?post=34081"}],"curies":[{"name":"wp","href":"https:\/\/api.w.org\/{rel}","templated":true}]}}