{"id":34052,"date":"2026-02-24T11:07:21","date_gmt":"2026-02-24T10:07:21","guid":{"rendered":"https:\/\/imprimeideas.es\/?post_type=product&p=34052"},"modified":"2026-02-26T18:03:03","modified_gmt":"2026-02-26T17:03:03","slug":"manopla-piper","status":"publish","type":"product","link":"https:\/\/imprimeideas.es\/en\/product\/manopla-piper\/","title":{"rendered":"Manopla Piper"},"content":{"rendered":"<p>Manopla de cocina de alta calidad en suave material 100% algod\u00f3n de vivos colores. Con una cara lisa especialmente dise\u00f1ada para impresi\u00f3n y cinta para colgar.<\/p>","protected":false},"excerpt":{"rendered":"<p>Una Cara Lisa para Impresi\u00f3n<\/p>","protected":false},"featured_media":72247,"comment_status":"open","ping_status":"open","template":"","meta":{"inline_featured_image":false},"product_brand":[],"product_cat":[104],"product_tag":[],"class_list":{"0":"post-34052","1":"product","2":"type-product","3":"status-publish","4":"has-post-thumbnail","6":"product_cat-hogar-y-decoracion","8":"first","9":"instock","10":"taxable","11":"shipping-taxable","12":"purchasable","13":"product-type-variable","14":"has-default-attributes"},"aioseo_notices":[],"_links":{"self":[{"href":"https:\/\/imprimeideas.es\/en\/wp-json\/wp\/v2\/product\/34052","targetHints":{"allow":["GET"]}}],"collection":[{"href":"https:\/\/imprimeideas.es\/en\/wp-json\/wp\/v2\/product"}],"about":[{"href":"https:\/\/imprimeideas.es\/en\/wp-json\/wp\/v2\/types\/product"}],"replies":[{"embeddable":true,"href":"https:\/\/imprimeideas.es\/en\/wp-json\/wp\/v2\/comments?post=34052"}],"version-history":[{"count":1,"href":"https:\/\/imprimeideas.es\/en\/wp-json\/wp\/v2\/product\/34052\/revisions"}],"predecessor-version":[{"id":60816,"href":"https:\/\/imprimeideas.es\/en\/wp-json\/wp\/v2\/product\/34052\/revisions\/60816"}],"wp:featuredmedia":[{"embeddable":true,"href":"https:\/\/imprimeideas.es\/en\/wp-json\/wp\/v2\/media\/72247"}],"wp:attachment":[{"href":"https:\/\/imprimeideas.es\/en\/wp-json\/wp\/v2\/media?parent=34052"}],"wp:term":[{"taxonomy":"product_brand","embeddable":true,"href":"https:\/\/imprimeideas.es\/en\/wp-json\/wp\/v2\/product_brand?post=34052"},{"taxonomy":"product_cat","embeddable":true,"href":"https:\/\/imprimeideas.es\/en\/wp-json\/wp\/v2\/product_cat?post=34052"},{"taxonomy":"product_tag","embeddable":true,"href":"https:\/\/imprimeideas.es\/en\/wp-json\/wp\/v2\/product_tag?post=34052"}],"curies":[{"name":"wp","href":"https:\/\/api.w.org\/{rel}","templated":true}]}}