{"id":34032,"date":"2026-02-24T11:07:19","date_gmt":"2026-02-24T10:07:19","guid":{"rendered":"https:\/\/imprimeideas.es\/?post_type=product&p=34032"},"modified":"2026-02-26T18:19:30","modified_gmt":"2026-02-26T17:19:30","slug":"mochila-discovery","status":"publish","type":"product","link":"https:\/\/imprimeideas.es\/en\/product\/mochila-discovery\/","title":{"rendered":"Mochila Discovery"},"content":{"rendered":"<p>Mochila en resistente poli\u00e9ster 600D. Con cierre de cremallera y bolsillo en frontal, de desenfadado dise\u00f1o en variada gama de colores. Con esquinas reforzadas, tiradores con cinta para f\u00e1cil apertura y Accesorios en color negro. Espalda acolchada y cintas de hombros ajustables con acolchado.<\/p>","protected":false},"excerpt":{"rendered":"<p>Parte Trasera y Cintas Acolchadas<\/p>","protected":false},"featured_media":60975,"comment_status":"open","ping_status":"open","template":"","meta":{"inline_featured_image":false},"product_brand":[],"product_cat":[94],"product_tag":[],"class_list":{"0":"post-34032","1":"product","2":"type-product","3":"status-publish","4":"has-post-thumbnail","6":"product_cat-mochilas","8":"first","9":"instock","10":"taxable","11":"shipping-taxable","12":"purchasable","13":"product-type-variable","14":"has-default-attributes"},"aioseo_notices":[],"_links":{"self":[{"href":"https:\/\/imprimeideas.es\/en\/wp-json\/wp\/v2\/product\/34032","targetHints":{"allow":["GET"]}}],"collection":[{"href":"https:\/\/imprimeideas.es\/en\/wp-json\/wp\/v2\/product"}],"about":[{"href":"https:\/\/imprimeideas.es\/en\/wp-json\/wp\/v2\/types\/product"}],"replies":[{"embeddable":true,"href":"https:\/\/imprimeideas.es\/en\/wp-json\/wp\/v2\/comments?post=34032"}],"version-history":[{"count":1,"href":"https:\/\/imprimeideas.es\/en\/wp-json\/wp\/v2\/product\/34032\/revisions"}],"predecessor-version":[{"id":60815,"href":"https:\/\/imprimeideas.es\/en\/wp-json\/wp\/v2\/product\/34032\/revisions\/60815"}],"wp:featuredmedia":[{"embeddable":true,"href":"https:\/\/imprimeideas.es\/en\/wp-json\/wp\/v2\/media\/60975"}],"wp:attachment":[{"href":"https:\/\/imprimeideas.es\/en\/wp-json\/wp\/v2\/media?parent=34032"}],"wp:term":[{"taxonomy":"product_brand","embeddable":true,"href":"https:\/\/imprimeideas.es\/en\/wp-json\/wp\/v2\/product_brand?post=34032"},{"taxonomy":"product_cat","embeddable":true,"href":"https:\/\/imprimeideas.es\/en\/wp-json\/wp\/v2\/product_cat?post=34032"},{"taxonomy":"product_tag","embeddable":true,"href":"https:\/\/imprimeideas.es\/en\/wp-json\/wp\/v2\/product_tag?post=34032"}],"curies":[{"name":"wp","href":"https:\/\/api.w.org\/{rel}","templated":true}]}}