{"id":33879,"date":"2026-02-24T11:07:07","date_gmt":"2026-02-24T10:07:07","guid":{"rendered":"https:\/\/imprimeideas.es\/?post_type=product&p=33879"},"modified":"2026-02-26T18:19:15","modified_gmt":"2026-02-26T17:19:15","slug":"parasol-fussion","status":"publish","type":"product","link":"https:\/\/imprimeideas.es\/en\/product\/parasol-fussion\/","title":{"rendered":"Parasol Fussion"},"content":{"rendered":"<p>Parasol en aluminio a una cara en color plateado de acabado metalizado con ribetes de poli\u00e9ster en vivos colores. De tama\u00f1o 130x60cm y espuma en el reverso. Cintas el\u00e1sticas de ajuste con argollas met\u00e1licas de refuerzo, dos ventosas para ajuste en luna y presentaci\u00f3n desplegado en plancha para f\u00e1cil impresi\u00f3n.<\/p>","protected":false},"excerpt":{"rendered":"<p>Parasol en aluminio a una cara en color plateado de acabado metalizado con ribetes de poli\u00e9ster en vivos colores. De<\/p>","protected":false},"featured_media":83048,"comment_status":"open","ping_status":"open","template":"","meta":{"inline_featured_image":false},"product_brand":[],"product_cat":[110,114],"product_tag":[],"class_list":{"0":"post-33879","1":"product","2":"type-product","3":"status-publish","4":"has-post-thumbnail","6":"product_cat-herramientas-brico-y-automovil","7":"product_cat-verano-y-playa","9":"first","10":"instock","11":"taxable","12":"shipping-taxable","13":"purchasable","14":"product-type-variable","15":"has-default-attributes"},"aioseo_notices":[],"_links":{"self":[{"href":"https:\/\/imprimeideas.es\/en\/wp-json\/wp\/v2\/product\/33879","targetHints":{"allow":["GET"]}}],"collection":[{"href":"https:\/\/imprimeideas.es\/en\/wp-json\/wp\/v2\/product"}],"about":[{"href":"https:\/\/imprimeideas.es\/en\/wp-json\/wp\/v2\/types\/product"}],"replies":[{"embeddable":true,"href":"https:\/\/imprimeideas.es\/en\/wp-json\/wp\/v2\/comments?post=33879"}],"version-history":[{"count":1,"href":"https:\/\/imprimeideas.es\/en\/wp-json\/wp\/v2\/product\/33879\/revisions"}],"predecessor-version":[{"id":60791,"href":"https:\/\/imprimeideas.es\/en\/wp-json\/wp\/v2\/product\/33879\/revisions\/60791"}],"wp:featuredmedia":[{"embeddable":true,"href":"https:\/\/imprimeideas.es\/en\/wp-json\/wp\/v2\/media\/83048"}],"wp:attachment":[{"href":"https:\/\/imprimeideas.es\/en\/wp-json\/wp\/v2\/media?parent=33879"}],"wp:term":[{"taxonomy":"product_brand","embeddable":true,"href":"https:\/\/imprimeideas.es\/en\/wp-json\/wp\/v2\/product_brand?post=33879"},{"taxonomy":"product_cat","embeddable":true,"href":"https:\/\/imprimeideas.es\/en\/wp-json\/wp\/v2\/product_cat?post=33879"},{"taxonomy":"product_tag","embeddable":true,"href":"https:\/\/imprimeideas.es\/en\/wp-json\/wp\/v2\/product_tag?post=33879"}],"curies":[{"name":"wp","href":"https:\/\/api.w.org\/{rel}","templated":true}]}}