{"id":33805,"date":"2026-02-24T11:06:34","date_gmt":"2026-02-24T10:06:34","guid":{"rendered":"https:\/\/imprimeideas.es\/?post_type=product&p=33805"},"modified":"2026-02-26T18:03:14","modified_gmt":"2026-02-26T17:03:14","slug":"gorro-lana","status":"publish","type":"product","link":"https:\/\/imprimeideas.es\/en\/product\/gorro-lana\/","title":{"rendered":"Gorro Lana"},"content":{"rendered":"<p>Suave y c\u00e1lido gorro el\u00e1stico en material acr\u00edlico. De doble capa, con dobladilllo y disponible en variada gama de colores.<\/p>","protected":false},"excerpt":{"rendered":"<p>Suave y c\u00e1lido gorro el\u00e1stico en material acr\u00edlico. De doble capa, con dobladilllo y disponible en variada gama de colores.<\/p>","protected":false},"featured_media":79699,"comment_status":"open","ping_status":"open","template":"","meta":{"inline_featured_image":false},"product_brand":[],"product_cat":[112,118],"product_tag":[],"class_list":{"0":"post-33805","1":"product","2":"type-product","3":"status-publish","4":"has-post-thumbnail","6":"product_cat-gorras-y-sombreros","7":"product_cat-lluvia-y-frio","9":"first","10":"instock","11":"taxable","12":"shipping-taxable","13":"purchasable","14":"product-type-variable","15":"has-default-attributes"},"aioseo_notices":[],"_links":{"self":[{"href":"https:\/\/imprimeideas.es\/en\/wp-json\/wp\/v2\/product\/33805","targetHints":{"allow":["GET"]}}],"collection":[{"href":"https:\/\/imprimeideas.es\/en\/wp-json\/wp\/v2\/product"}],"about":[{"href":"https:\/\/imprimeideas.es\/en\/wp-json\/wp\/v2\/types\/product"}],"replies":[{"embeddable":true,"href":"https:\/\/imprimeideas.es\/en\/wp-json\/wp\/v2\/comments?post=33805"}],"version-history":[{"count":1,"href":"https:\/\/imprimeideas.es\/en\/wp-json\/wp\/v2\/product\/33805\/revisions"}],"predecessor-version":[{"id":60781,"href":"https:\/\/imprimeideas.es\/en\/wp-json\/wp\/v2\/product\/33805\/revisions\/60781"}],"wp:featuredmedia":[{"embeddable":true,"href":"https:\/\/imprimeideas.es\/en\/wp-json\/wp\/v2\/media\/79699"}],"wp:attachment":[{"href":"https:\/\/imprimeideas.es\/en\/wp-json\/wp\/v2\/media?parent=33805"}],"wp:term":[{"taxonomy":"product_brand","embeddable":true,"href":"https:\/\/imprimeideas.es\/en\/wp-json\/wp\/v2\/product_brand?post=33805"},{"taxonomy":"product_cat","embeddable":true,"href":"https:\/\/imprimeideas.es\/en\/wp-json\/wp\/v2\/product_cat?post=33805"},{"taxonomy":"product_tag","embeddable":true,"href":"https:\/\/imprimeideas.es\/en\/wp-json\/wp\/v2\/product_tag?post=33805"}],"curies":[{"name":"wp","href":"https:\/\/api.w.org\/{rel}","templated":true}]}}