{"id":33790,"date":"2026-02-24T11:06:33","date_gmt":"2026-02-24T10:06:33","guid":{"rendered":"https:\/\/imprimeideas.es\/?post_type=product&p=33790"},"modified":"2026-02-26T18:19:10","modified_gmt":"2026-02-26T17:19:10","slug":"boligrafo-calais","status":"publish","type":"product","link":"https:\/\/imprimeideas.es\/en\/product\/boligrafo-calais\/","title":{"rendered":"Bol\u00edgrafo Calais"},"content":{"rendered":"<p>Bol\u00edgrafo modelo Calais de Cross. Con mecanismo retr\u00e1ctil, de elegante dise\u00f1o bicolor y cuerpo met\u00e1lico en suave acabado en variados colores. Presentado en elegante estuche individual en color negro, con logotipo de la marca e interior en suave antelina a juego. En tinta negra.<\/p>","protected":false},"excerpt":{"rendered":"<p>Tinta Negra<\/p>","protected":false},"featured_media":75361,"comment_status":"open","ping_status":"open","template":"","meta":{"inline_featured_image":false},"product_brand":[2068],"product_cat":[100,121],"product_tag":[],"class_list":{"0":"post-33790","1":"product","2":"type-product","3":"status-publish","4":"has-post-thumbnail","6":"product_brand-cross","7":"product_cat-escritura","8":"product_cat-marcas","10":"first","11":"instock","12":"taxable","13":"shipping-taxable","14":"purchasable","15":"product-type-variable","16":"has-default-attributes"},"aioseo_notices":[],"_links":{"self":[{"href":"https:\/\/imprimeideas.es\/en\/wp-json\/wp\/v2\/product\/33790","targetHints":{"allow":["GET"]}}],"collection":[{"href":"https:\/\/imprimeideas.es\/en\/wp-json\/wp\/v2\/product"}],"about":[{"href":"https:\/\/imprimeideas.es\/en\/wp-json\/wp\/v2\/types\/product"}],"replies":[{"embeddable":true,"href":"https:\/\/imprimeideas.es\/en\/wp-json\/wp\/v2\/comments?post=33790"}],"version-history":[{"count":1,"href":"https:\/\/imprimeideas.es\/en\/wp-json\/wp\/v2\/product\/33790\/revisions"}],"predecessor-version":[{"id":60725,"href":"https:\/\/imprimeideas.es\/en\/wp-json\/wp\/v2\/product\/33790\/revisions\/60725"}],"wp:featuredmedia":[{"embeddable":true,"href":"https:\/\/imprimeideas.es\/en\/wp-json\/wp\/v2\/media\/75361"}],"wp:attachment":[{"href":"https:\/\/imprimeideas.es\/en\/wp-json\/wp\/v2\/media?parent=33790"}],"wp:term":[{"taxonomy":"product_brand","embeddable":true,"href":"https:\/\/imprimeideas.es\/en\/wp-json\/wp\/v2\/product_brand?post=33790"},{"taxonomy":"product_cat","embeddable":true,"href":"https:\/\/imprimeideas.es\/en\/wp-json\/wp\/v2\/product_cat?post=33790"},{"taxonomy":"product_tag","embeddable":true,"href":"https:\/\/imprimeideas.es\/en\/wp-json\/wp\/v2\/product_tag?post=33790"}],"curies":[{"name":"wp","href":"https:\/\/api.w.org\/{rel}","templated":true}]}}