{"id":33769,"date":"2026-02-24T11:06:31","date_gmt":"2026-02-24T10:06:31","guid":{"rendered":"https:\/\/imprimeideas.es\/?post_type=product&p=33769"},"modified":"2026-02-26T18:28:03","modified_gmt":"2026-02-26T17:28:03","slug":"multiherramienta-borth","status":"publish","type":"product","link":"https:\/\/imprimeideas.es\/en\/product\/multiherramienta-borth\/","title":{"rendered":"Multiherramienta Borth"},"content":{"rendered":"<p>Multiherramienta de orizons con accesorios de acero inox de 6 funciones y mango de aluminio en vivos colores. Con alicates, navaja, abrelatas con destornillador de punta plana con funci\u00f3n abrebotellas, destronillador de punta de estrella y mosquet\u00f3n de acople. Presentada en atractiva caja de dise\u00f1o con logotipo de la marca.<\/p>","protected":false},"excerpt":{"rendered":"<p>6 Funciones<\/p>","protected":false},"featured_media":72103,"comment_status":"open","ping_status":"open","template":"","meta":{"inline_featured_image":false},"product_brand":[2067],"product_cat":[110],"product_tag":[],"class_list":{"0":"post-33769","1":"product","2":"type-product","3":"status-publish","4":"has-post-thumbnail","6":"product_brand-orizons","7":"product_cat-herramientas-brico-y-automovil","9":"first","10":"instock","11":"taxable","12":"shipping-taxable","13":"purchasable","14":"product-type-variable","15":"has-default-attributes"},"aioseo_notices":[],"_links":{"self":[{"href":"https:\/\/imprimeideas.es\/en\/wp-json\/wp\/v2\/product\/33769","targetHints":{"allow":["GET"]}}],"collection":[{"href":"https:\/\/imprimeideas.es\/en\/wp-json\/wp\/v2\/product"}],"about":[{"href":"https:\/\/imprimeideas.es\/en\/wp-json\/wp\/v2\/types\/product"}],"replies":[{"embeddable":true,"href":"https:\/\/imprimeideas.es\/en\/wp-json\/wp\/v2\/comments?post=33769"}],"version-history":[{"count":1,"href":"https:\/\/imprimeideas.es\/en\/wp-json\/wp\/v2\/product\/33769\/revisions"}],"predecessor-version":[{"id":60718,"href":"https:\/\/imprimeideas.es\/en\/wp-json\/wp\/v2\/product\/33769\/revisions\/60718"}],"wp:featuredmedia":[{"embeddable":true,"href":"https:\/\/imprimeideas.es\/en\/wp-json\/wp\/v2\/media\/72103"}],"wp:attachment":[{"href":"https:\/\/imprimeideas.es\/en\/wp-json\/wp\/v2\/media?parent=33769"}],"wp:term":[{"taxonomy":"product_brand","embeddable":true,"href":"https:\/\/imprimeideas.es\/en\/wp-json\/wp\/v2\/product_brand?post=33769"},{"taxonomy":"product_cat","embeddable":true,"href":"https:\/\/imprimeideas.es\/en\/wp-json\/wp\/v2\/product_cat?post=33769"},{"taxonomy":"product_tag","embeddable":true,"href":"https:\/\/imprimeideas.es\/en\/wp-json\/wp\/v2\/product_tag?post=33769"}],"curies":[{"name":"wp","href":"https:\/\/api.w.org\/{rel}","templated":true}]}}