{"id":33752,"date":"2026-02-24T11:06:30","date_gmt":"2026-02-24T10:06:30","guid":{"rendered":"https:\/\/imprimeideas.es\/?post_type=product&p=33752"},"modified":"2026-02-26T18:32:53","modified_gmt":"2026-02-26T17:32:53","slug":"set-lapices-sentel","status":"publish","type":"product","link":"https:\/\/imprimeideas.es\/en\/product\/set-lapices-sentel\/","title":{"rendered":"Set L\u00e1pices Sentel"},"content":{"rendered":"<p>Set de 3 l\u00e1pices de madera de Antonio Mir\u00f3 en elegante acabado plateado, con logotipo de la marca en parte superior. Presentados en elegante estuche de cart\u00f3n negro con ventana y logotipo de la marca.<\/p>","protected":false},"excerpt":{"rendered":"<p>3 L\u00e1pices<\/p>","protected":false},"featured_media":74843,"comment_status":"open","ping_status":"open","template":"","meta":{"inline_featured_image":false},"product_brand":[2064],"product_cat":[100,121,128],"product_tag":[],"class_list":{"0":"post-33752","1":"product","2":"type-product","3":"status-publish","4":"has-post-thumbnail","6":"product_brand-antonio-miro","7":"product_cat-escritura","8":"product_cat-marcas","9":"product_cat-outlet","11":"first","12":"outofstock","13":"taxable","14":"shipping-taxable","15":"purchasable","16":"product-type-variable","17":"has-default-attributes"},"aioseo_notices":[],"_links":{"self":[{"href":"https:\/\/imprimeideas.es\/en\/wp-json\/wp\/v2\/product\/33752","targetHints":{"allow":["GET"]}}],"collection":[{"href":"https:\/\/imprimeideas.es\/en\/wp-json\/wp\/v2\/product"}],"about":[{"href":"https:\/\/imprimeideas.es\/en\/wp-json\/wp\/v2\/types\/product"}],"replies":[{"embeddable":true,"href":"https:\/\/imprimeideas.es\/en\/wp-json\/wp\/v2\/comments?post=33752"}],"version-history":[{"count":1,"href":"https:\/\/imprimeideas.es\/en\/wp-json\/wp\/v2\/product\/33752\/revisions"}],"predecessor-version":[{"id":60711,"href":"https:\/\/imprimeideas.es\/en\/wp-json\/wp\/v2\/product\/33752\/revisions\/60711"}],"wp:featuredmedia":[{"embeddable":true,"href":"https:\/\/imprimeideas.es\/en\/wp-json\/wp\/v2\/media\/74843"}],"wp:attachment":[{"href":"https:\/\/imprimeideas.es\/en\/wp-json\/wp\/v2\/media?parent=33752"}],"wp:term":[{"taxonomy":"product_brand","embeddable":true,"href":"https:\/\/imprimeideas.es\/en\/wp-json\/wp\/v2\/product_brand?post=33752"},{"taxonomy":"product_cat","embeddable":true,"href":"https:\/\/imprimeideas.es\/en\/wp-json\/wp\/v2\/product_cat?post=33752"},{"taxonomy":"product_tag","embeddable":true,"href":"https:\/\/imprimeideas.es\/en\/wp-json\/wp\/v2\/product_tag?post=33752"}],"curies":[{"name":"wp","href":"https:\/\/api.w.org\/{rel}","templated":true}]}}