{"id":33750,"date":"2026-02-24T11:06:30","date_gmt":"2026-02-24T10:06:30","guid":{"rendered":"https:\/\/imprimeideas.es\/?post_type=product&p=33750"},"modified":"2026-02-25T20:13:11","modified_gmt":"2026-02-25T19:13:11","slug":"marcapaginas-baloa","status":"publish","type":"product","link":"https:\/\/imprimeideas.es\/en\/product\/marcapaginas-baloa\/","title":{"rendered":"Marcap\u00e1ginas Baloa"},"content":{"rendered":"<p>Marcap\u00e1ginas met\u00e1lico de Antonio Mir\u00f3 en elegante acabado gris oscuro. Con logotipo de la marca.<\/p>","protected":false},"excerpt":{"rendered":"<p>Marcap\u00e1ginas met\u00e1lico de Antonio Mir\u00f3 en elegante acabado gris oscuro. Con logotipo de la marca.<\/p>","protected":false},"featured_media":84100,"comment_status":"open","ping_status":"open","template":"","meta":{"inline_featured_image":false},"product_brand":[2064],"product_cat":[121,128],"product_tag":[],"class_list":{"0":"post-33750","1":"product","2":"type-product","3":"status-publish","4":"has-post-thumbnail","6":"product_brand-antonio-miro","7":"product_cat-marcas","8":"product_cat-outlet","10":"first","11":"outofstock","12":"taxable","13":"shipping-taxable","14":"purchasable","15":"product-type-variable","16":"has-default-attributes"},"aioseo_notices":[],"_links":{"self":[{"href":"https:\/\/imprimeideas.es\/en\/wp-json\/wp\/v2\/product\/33750","targetHints":{"allow":["GET"]}}],"collection":[{"href":"https:\/\/imprimeideas.es\/en\/wp-json\/wp\/v2\/product"}],"about":[{"href":"https:\/\/imprimeideas.es\/en\/wp-json\/wp\/v2\/types\/product"}],"replies":[{"embeddable":true,"href":"https:\/\/imprimeideas.es\/en\/wp-json\/wp\/v2\/comments?post=33750"}],"version-history":[{"count":1,"href":"https:\/\/imprimeideas.es\/en\/wp-json\/wp\/v2\/product\/33750\/revisions"}],"predecessor-version":[{"id":60710,"href":"https:\/\/imprimeideas.es\/en\/wp-json\/wp\/v2\/product\/33750\/revisions\/60710"}],"wp:featuredmedia":[{"embeddable":true,"href":"https:\/\/imprimeideas.es\/en\/wp-json\/wp\/v2\/media\/84100"}],"wp:attachment":[{"href":"https:\/\/imprimeideas.es\/en\/wp-json\/wp\/v2\/media?parent=33750"}],"wp:term":[{"taxonomy":"product_brand","embeddable":true,"href":"https:\/\/imprimeideas.es\/en\/wp-json\/wp\/v2\/product_brand?post=33750"},{"taxonomy":"product_cat","embeddable":true,"href":"https:\/\/imprimeideas.es\/en\/wp-json\/wp\/v2\/product_cat?post=33750"},{"taxonomy":"product_tag","embeddable":true,"href":"https:\/\/imprimeideas.es\/en\/wp-json\/wp\/v2\/product_tag?post=33750"}],"curies":[{"name":"wp","href":"https:\/\/api.w.org\/{rel}","templated":true}]}}