{"id":33738,"date":"2026-02-24T11:06:29","date_gmt":"2026-02-24T10:06:29","guid":{"rendered":"https:\/\/imprimeideas.es\/?post_type=product&p=33738"},"modified":"2026-02-26T18:33:03","modified_gmt":"2026-02-26T17:33:03","slug":"boligrafo-puntero-yago","status":"publish","type":"product","link":"https:\/\/imprimeideas.es\/en\/product\/boligrafo-puntero-yago\/","title":{"rendered":"Bol\u00edgrafo Puntero Yago"},"content":{"rendered":"<p>Bol\u00edgrafo puntero de Antonio Mir\u00f3 de mecanismo giratorio con suave cuerpo met\u00e1lico, de elegante combinaci\u00f3n de colores en plateado y negro. Clip y punta de dise\u00f1o a juego. Presentado en estuche individual negro con logotipo de la marca. Tinta azul.<\/p>","protected":false},"excerpt":{"rendered":"<p>Bol\u00edgrafo puntero de Antonio Mir\u00f3 de mecanismo giratorio con suave cuerpo met\u00e1lico, de elegante combinaci\u00f3n de colores en plateado y<\/p>","protected":false},"featured_media":36111,"comment_status":"open","ping_status":"open","template":"","meta":{"inline_featured_image":false},"product_brand":[2064],"product_cat":[100,121],"product_tag":[],"class_list":{"0":"post-33738","1":"product","2":"type-product","3":"status-publish","4":"has-post-thumbnail","6":"product_brand-antonio-miro","7":"product_cat-escritura","8":"product_cat-marcas","10":"first","11":"instock","12":"taxable","13":"shipping-taxable","14":"purchasable","15":"product-type-variable","16":"has-default-attributes"},"aioseo_notices":[],"_links":{"self":[{"href":"https:\/\/imprimeideas.es\/en\/wp-json\/wp\/v2\/product\/33738","targetHints":{"allow":["GET"]}}],"collection":[{"href":"https:\/\/imprimeideas.es\/en\/wp-json\/wp\/v2\/product"}],"about":[{"href":"https:\/\/imprimeideas.es\/en\/wp-json\/wp\/v2\/types\/product"}],"replies":[{"embeddable":true,"href":"https:\/\/imprimeideas.es\/en\/wp-json\/wp\/v2\/comments?post=33738"}],"version-history":[{"count":1,"href":"https:\/\/imprimeideas.es\/en\/wp-json\/wp\/v2\/product\/33738\/revisions"}],"predecessor-version":[{"id":60704,"href":"https:\/\/imprimeideas.es\/en\/wp-json\/wp\/v2\/product\/33738\/revisions\/60704"}],"wp:featuredmedia":[{"embeddable":true,"href":"https:\/\/imprimeideas.es\/en\/wp-json\/wp\/v2\/media\/36111"}],"wp:attachment":[{"href":"https:\/\/imprimeideas.es\/en\/wp-json\/wp\/v2\/media?parent=33738"}],"wp:term":[{"taxonomy":"product_brand","embeddable":true,"href":"https:\/\/imprimeideas.es\/en\/wp-json\/wp\/v2\/product_brand?post=33738"},{"taxonomy":"product_cat","embeddable":true,"href":"https:\/\/imprimeideas.es\/en\/wp-json\/wp\/v2\/product_cat?post=33738"},{"taxonomy":"product_tag","embeddable":true,"href":"https:\/\/imprimeideas.es\/en\/wp-json\/wp\/v2\/product_tag?post=33738"}],"curies":[{"name":"wp","href":"https:\/\/api.w.org\/{rel}","templated":true}]}}