{"id":33732,"date":"2026-02-24T11:06:29","date_gmt":"2026-02-24T10:06:29","guid":{"rendered":"https:\/\/imprimeideas.es\/?post_type=product&p=33732"},"modified":"2026-02-26T18:42:25","modified_gmt":"2026-02-26T17:42:25","slug":"paraguas-campbell","status":"publish","type":"product","link":"https:\/\/imprimeideas.es\/en\/product\/paraguas-campbell\/","title":{"rendered":"Paraguas Campbell"},"content":{"rendered":"<p>Paraguas de Antonio Mir\u00f3 de 8 paneles, con elegante dise\u00f1o en color negro. De 120cm de di\u00e1metro, con apertura autom\u00e1tica, sistema antiviento y en resistente material pongee. Con varillas met\u00e1licas en color negro, cierre de velcro y mango de suave tacto. Presentado en funda con logotipo de la marca y cinta con accesorio de ajuste.<\/p>","protected":false},"excerpt":{"rendered":"<p>27&#8243;. Autom\u00e1tico. Sistema Antiviento. Funda Pongee<\/p>","protected":false},"featured_media":82982,"comment_status":"open","ping_status":"open","template":"","meta":{"inline_featured_image":false},"product_brand":[2064],"product_cat":[118,121],"product_tag":[],"class_list":{"0":"post-33732","1":"product","2":"type-product","3":"status-publish","4":"has-post-thumbnail","6":"product_brand-antonio-miro","7":"product_cat-lluvia-y-frio","8":"product_cat-marcas","10":"first","11":"instock","12":"taxable","13":"shipping-taxable","14":"purchasable","15":"product-type-variable","16":"has-default-attributes"},"aioseo_notices":[],"_links":{"self":[{"href":"https:\/\/imprimeideas.es\/en\/wp-json\/wp\/v2\/product\/33732","targetHints":{"allow":["GET"]}}],"collection":[{"href":"https:\/\/imprimeideas.es\/en\/wp-json\/wp\/v2\/product"}],"about":[{"href":"https:\/\/imprimeideas.es\/en\/wp-json\/wp\/v2\/types\/product"}],"replies":[{"embeddable":true,"href":"https:\/\/imprimeideas.es\/en\/wp-json\/wp\/v2\/comments?post=33732"}],"version-history":[{"count":1,"href":"https:\/\/imprimeideas.es\/en\/wp-json\/wp\/v2\/product\/33732\/revisions"}],"predecessor-version":[{"id":60701,"href":"https:\/\/imprimeideas.es\/en\/wp-json\/wp\/v2\/product\/33732\/revisions\/60701"}],"wp:featuredmedia":[{"embeddable":true,"href":"https:\/\/imprimeideas.es\/en\/wp-json\/wp\/v2\/media\/82982"}],"wp:attachment":[{"href":"https:\/\/imprimeideas.es\/en\/wp-json\/wp\/v2\/media?parent=33732"}],"wp:term":[{"taxonomy":"product_brand","embeddable":true,"href":"https:\/\/imprimeideas.es\/en\/wp-json\/wp\/v2\/product_brand?post=33732"},{"taxonomy":"product_cat","embeddable":true,"href":"https:\/\/imprimeideas.es\/en\/wp-json\/wp\/v2\/product_cat?post=33732"},{"taxonomy":"product_tag","embeddable":true,"href":"https:\/\/imprimeideas.es\/en\/wp-json\/wp\/v2\/product_tag?post=33732"}],"curies":[{"name":"wp","href":"https:\/\/api.w.org\/{rel}","templated":true}]}}