{"id":33725,"date":"2026-02-24T11:06:28","date_gmt":"2026-02-24T10:06:28","guid":{"rendered":"https:\/\/imprimeideas.es\/?post_type=product&p=33725"},"modified":"2026-02-26T18:32:51","modified_gmt":"2026-02-26T17:32:51","slug":"trolley-rumax","status":"publish","type":"product","link":"https:\/\/imprimeideas.es\/en\/product\/trolley-rumax\/","title":{"rendered":"Trolley Rumax"},"content":{"rendered":"<p>Trolley de Alexluca de 4 ruedas telesc\u00f3picas en material ABS r\u00edgido de alta resistencia en variados colores. Compartimento principal con cierre de cremallera de doble tirador y lateral con cierre de seguridad de combinaci\u00f3n num\u00e9rica. Con doble asa de mano de c\u00f3modo y suave tacto y logotipo de la marca en chapa exterior. Interior forrado con logotipo de la marca y cintas el\u00e1sticas de sujeci\u00f3n.<\/p>","protected":false},"excerpt":{"rendered":"<p>R\u00edgido. 4 Ruedas Giratorias. Cierre Seguridad<\/p>","protected":false},"featured_media":84170,"comment_status":"open","ping_status":"open","template":"","meta":{"inline_featured_image":false},"product_brand":[2026],"product_cat":[121,103],"product_tag":[],"class_list":{"0":"post-33725","1":"product","2":"type-product","3":"status-publish","4":"has-post-thumbnail","6":"product_brand-alexluca","7":"product_cat-marcas","8":"product_cat-viaje","10":"first","11":"instock","12":"taxable","13":"shipping-taxable","14":"purchasable","15":"product-type-variable","16":"has-default-attributes"},"aioseo_notices":[],"_links":{"self":[{"href":"https:\/\/imprimeideas.es\/en\/wp-json\/wp\/v2\/product\/33725","targetHints":{"allow":["GET"]}}],"collection":[{"href":"https:\/\/imprimeideas.es\/en\/wp-json\/wp\/v2\/product"}],"about":[{"href":"https:\/\/imprimeideas.es\/en\/wp-json\/wp\/v2\/types\/product"}],"replies":[{"embeddable":true,"href":"https:\/\/imprimeideas.es\/en\/wp-json\/wp\/v2\/comments?post=33725"}],"version-history":[{"count":1,"href":"https:\/\/imprimeideas.es\/en\/wp-json\/wp\/v2\/product\/33725\/revisions"}],"predecessor-version":[{"id":60699,"href":"https:\/\/imprimeideas.es\/en\/wp-json\/wp\/v2\/product\/33725\/revisions\/60699"}],"wp:featuredmedia":[{"embeddable":true,"href":"https:\/\/imprimeideas.es\/en\/wp-json\/wp\/v2\/media\/84170"}],"wp:attachment":[{"href":"https:\/\/imprimeideas.es\/en\/wp-json\/wp\/v2\/media?parent=33725"}],"wp:term":[{"taxonomy":"product_brand","embeddable":true,"href":"https:\/\/imprimeideas.es\/en\/wp-json\/wp\/v2\/product_brand?post=33725"},{"taxonomy":"product_cat","embeddable":true,"href":"https:\/\/imprimeideas.es\/en\/wp-json\/wp\/v2\/product_cat?post=33725"},{"taxonomy":"product_tag","embeddable":true,"href":"https:\/\/imprimeideas.es\/en\/wp-json\/wp\/v2\/product_tag?post=33725"}],"curies":[{"name":"wp","href":"https:\/\/api.w.org\/{rel}","templated":true}]}}