{"id":33709,"date":"2026-02-24T11:06:27","date_gmt":"2026-02-24T10:06:27","guid":{"rendered":"https:\/\/imprimeideas.es\/?post_type=product&p=33709"},"modified":"2026-02-26T18:19:22","modified_gmt":"2026-02-26T17:19:22","slug":"gafas-sol-nino-spike","status":"publish","type":"product","link":"https:\/\/imprimeideas.es\/en\/product\/gafas-sol-nino-spike\/","title":{"rendered":"Gafas Sol Ni\u00f1o Spike"},"content":{"rendered":"<p>Gafas de sol para ni\u00f1o con protecci\u00f3n UV400 de cl\u00e1sico dise\u00f1o. Con montura en divertidos colores y lentes en color negro.<\/p>","protected":false},"excerpt":{"rendered":"<p>Protecci\u00f3n UV400<\/p>","protected":false},"featured_media":79913,"comment_status":"open","ping_status":"open","template":"","meta":{"inline_featured_image":false},"product_brand":[],"product_cat":[108,114],"product_tag":[],"class_list":{"0":"post-33709","1":"product","2":"type-product","3":"status-publish","4":"has-post-thumbnail","6":"product_cat-infantil","7":"product_cat-verano-y-playa","9":"first","10":"instock","11":"taxable","12":"shipping-taxable","13":"purchasable","14":"product-type-variable","15":"has-default-attributes"},"aioseo_notices":[],"_links":{"self":[{"href":"https:\/\/imprimeideas.es\/en\/wp-json\/wp\/v2\/product\/33709","targetHints":{"allow":["GET"]}}],"collection":[{"href":"https:\/\/imprimeideas.es\/en\/wp-json\/wp\/v2\/product"}],"about":[{"href":"https:\/\/imprimeideas.es\/en\/wp-json\/wp\/v2\/types\/product"}],"replies":[{"embeddable":true,"href":"https:\/\/imprimeideas.es\/en\/wp-json\/wp\/v2\/comments?post=33709"}],"version-history":[{"count":1,"href":"https:\/\/imprimeideas.es\/en\/wp-json\/wp\/v2\/product\/33709\/revisions"}],"predecessor-version":[{"id":60695,"href":"https:\/\/imprimeideas.es\/en\/wp-json\/wp\/v2\/product\/33709\/revisions\/60695"}],"wp:featuredmedia":[{"embeddable":true,"href":"https:\/\/imprimeideas.es\/en\/wp-json\/wp\/v2\/media\/79913"}],"wp:attachment":[{"href":"https:\/\/imprimeideas.es\/en\/wp-json\/wp\/v2\/media?parent=33709"}],"wp:term":[{"taxonomy":"product_brand","embeddable":true,"href":"https:\/\/imprimeideas.es\/en\/wp-json\/wp\/v2\/product_brand?post=33709"},{"taxonomy":"product_cat","embeddable":true,"href":"https:\/\/imprimeideas.es\/en\/wp-json\/wp\/v2\/product_cat?post=33709"},{"taxonomy":"product_tag","embeddable":true,"href":"https:\/\/imprimeideas.es\/en\/wp-json\/wp\/v2\/product_tag?post=33709"}],"curies":[{"name":"wp","href":"https:\/\/api.w.org\/{rel}","templated":true}]}}