{"id":33638,"date":"2026-02-24T11:06:21","date_gmt":"2026-02-24T10:06:21","guid":{"rendered":"https:\/\/imprimeideas.es\/?post_type=product&p=33638"},"modified":"2026-02-26T18:08:05","modified_gmt":"2026-02-26T17:08:05","slug":"auriculares-legolax","status":"publish","type":"product","link":"https:\/\/imprimeideas.es\/en\/product\/auriculares-legolax\/","title":{"rendered":"Auriculares Legolax"},"content":{"rendered":"<p>Auriculares plegables de diadema con conexi\u00f3n Bluetooth y desenfadado dise\u00f1o en variada gama de vivos colores brillantes. Con panel de control integrado en el auricular, funci\u00f3n manos libres, radio FM, ranura para tarjetas mini SD de hasta 32 GB de capacidad y recargables mediante cable USB -incluido-. Almohadillas en suave polipiel y presentados en atractiva caja de dise\u00f1o.<\/p>","protected":false},"excerpt":{"rendered":"<p>Conexi\u00f3n Bluetooth. Conexi\u00f3n Jack 3,5 mm. Bater\u00eda 400 mAh<\/p>","protected":false},"featured_media":74862,"comment_status":"open","ping_status":"open","template":"","meta":{"inline_featured_image":false},"product_brand":[],"product_cat":[95],"product_tag":[],"class_list":{"0":"post-33638","1":"product","2":"type-product","3":"status-publish","4":"has-post-thumbnail","6":"product_cat-tecnologia-y-accesorios","8":"first","9":"instock","10":"taxable","11":"shipping-taxable","12":"purchasable","13":"product-type-variable","14":"has-default-attributes"},"aioseo_notices":[],"_links":{"self":[{"href":"https:\/\/imprimeideas.es\/en\/wp-json\/wp\/v2\/product\/33638","targetHints":{"allow":["GET"]}}],"collection":[{"href":"https:\/\/imprimeideas.es\/en\/wp-json\/wp\/v2\/product"}],"about":[{"href":"https:\/\/imprimeideas.es\/en\/wp-json\/wp\/v2\/types\/product"}],"replies":[{"embeddable":true,"href":"https:\/\/imprimeideas.es\/en\/wp-json\/wp\/v2\/comments?post=33638"}],"version-history":[{"count":1,"href":"https:\/\/imprimeideas.es\/en\/wp-json\/wp\/v2\/product\/33638\/revisions"}],"predecessor-version":[{"id":59822,"href":"https:\/\/imprimeideas.es\/en\/wp-json\/wp\/v2\/product\/33638\/revisions\/59822"}],"wp:featuredmedia":[{"embeddable":true,"href":"https:\/\/imprimeideas.es\/en\/wp-json\/wp\/v2\/media\/74862"}],"wp:attachment":[{"href":"https:\/\/imprimeideas.es\/en\/wp-json\/wp\/v2\/media?parent=33638"}],"wp:term":[{"taxonomy":"product_brand","embeddable":true,"href":"https:\/\/imprimeideas.es\/en\/wp-json\/wp\/v2\/product_brand?post=33638"},{"taxonomy":"product_cat","embeddable":true,"href":"https:\/\/imprimeideas.es\/en\/wp-json\/wp\/v2\/product_cat?post=33638"},{"taxonomy":"product_tag","embeddable":true,"href":"https:\/\/imprimeideas.es\/en\/wp-json\/wp\/v2\/product_tag?post=33638"}],"curies":[{"name":"wp","href":"https:\/\/api.w.org\/{rel}","templated":true}]}}