{"id":33636,"date":"2026-02-24T11:06:21","date_gmt":"2026-02-24T10:06:21","guid":{"rendered":"https:\/\/imprimeideas.es\/?post_type=product&p=33636"},"modified":"2026-02-26T18:23:27","modified_gmt":"2026-02-26T17:23:27","slug":"camara-deportiva-360-logans","status":"publish","type":"product","link":"https:\/\/imprimeideas.es\/en\/product\/camara-deportiva-360-logans\/","title":{"rendered":"C\u00e1mara Deportiva 360\u00b0 Logans"},"content":{"rendered":"<p>C\u00e1mara deportiva 360\u00b0 de alta calidad de captura de v\u00eddeo HD 2448p, de dise\u00f1o compacto y resistente, especialmente dise\u00f1ada para uso intensivo. Incluye carcasa sumergible y multitud de accesorios para ajuste en casco, manillar o cintur\u00f3n, as\u00ed como correas ajustables para cabeza y torso. La versatilidad y resistencia de esta c\u00e1mara deportiva la convierten en el gadget perfecto para capturar, con una calidad excepcional, cualquier actividad deportiva o de ocio en 360\u00b0. Con funci\u00f3n Wi-fi, c\u00e1mara de fotos Full HD 1080p, ranura para tarjetas micro USB de hasta 64 GB de capacidad, pantalla LCD de 0,96 pulgadas, sistema multilenguaje, y recargable mediante cable mini USB -incluido-. Presentada en atractiva caja de dise\u00f1o.<\/p>","protected":false},"excerpt":{"rendered":"<p>2448P. Wifi. Pantalla LCD 0,96&#8243;. 10 Accesorios. Multilenguaje. Bater\u00eda 1100 mAh<\/p>","protected":false},"featured_media":72943,"comment_status":"open","ping_status":"open","template":"","meta":{"inline_featured_image":false},"product_brand":[],"product_cat":[95],"product_tag":[],"class_list":{"0":"post-33636","1":"product","2":"type-product","3":"status-publish","4":"has-post-thumbnail","6":"product_cat-tecnologia-y-accesorios","8":"first","9":"outofstock","10":"taxable","11":"shipping-taxable","12":"purchasable","13":"product-type-variable","14":"has-default-attributes"},"aioseo_notices":[],"_links":{"self":[{"href":"https:\/\/imprimeideas.es\/en\/wp-json\/wp\/v2\/product\/33636","targetHints":{"allow":["GET"]}}],"collection":[{"href":"https:\/\/imprimeideas.es\/en\/wp-json\/wp\/v2\/product"}],"about":[{"href":"https:\/\/imprimeideas.es\/en\/wp-json\/wp\/v2\/types\/product"}],"replies":[{"embeddable":true,"href":"https:\/\/imprimeideas.es\/en\/wp-json\/wp\/v2\/comments?post=33636"}],"version-history":[{"count":1,"href":"https:\/\/imprimeideas.es\/en\/wp-json\/wp\/v2\/product\/33636\/revisions"}],"predecessor-version":[{"id":59821,"href":"https:\/\/imprimeideas.es\/en\/wp-json\/wp\/v2\/product\/33636\/revisions\/59821"}],"wp:featuredmedia":[{"embeddable":true,"href":"https:\/\/imprimeideas.es\/en\/wp-json\/wp\/v2\/media\/72943"}],"wp:attachment":[{"href":"https:\/\/imprimeideas.es\/en\/wp-json\/wp\/v2\/media?parent=33636"}],"wp:term":[{"taxonomy":"product_brand","embeddable":true,"href":"https:\/\/imprimeideas.es\/en\/wp-json\/wp\/v2\/product_brand?post=33636"},{"taxonomy":"product_cat","embeddable":true,"href":"https:\/\/imprimeideas.es\/en\/wp-json\/wp\/v2\/product_cat?post=33636"},{"taxonomy":"product_tag","embeddable":true,"href":"https:\/\/imprimeideas.es\/en\/wp-json\/wp\/v2\/product_tag?post=33636"}],"curies":[{"name":"wp","href":"https:\/\/api.w.org\/{rel}","templated":true}]}}