{"id":33634,"date":"2026-02-24T11:06:21","date_gmt":"2026-02-24T10:06:21","guid":{"rendered":"https:\/\/imprimeideas.es\/?post_type=product&p=33634"},"modified":"2026-02-26T18:42:35","modified_gmt":"2026-02-26T17:42:35","slug":"camara-deportiva-garrix","status":"publish","type":"product","link":"https:\/\/imprimeideas.es\/en\/product\/camara-deportiva-garrix\/","title":{"rendered":"C\u00e1mara Deportiva Garrix"},"content":{"rendered":"<p>C\u00e1mara deportiva de alta calidad de captura de v\u00eddeo HD 4K, de dise\u00f1o compacto y resistente, especialmente dise\u00f1ada para uso intensivo. Incluye carcasa sumergible hasta 30m de profundidad y multitud de accesorios para ajuste en casco, manillar o cintur\u00f3n, as\u00ed como correas ajustables para cabeza y torso o un adaptador giratorio de 360\u00ba. La versatilidad y resistencia de esta c\u00e1mara deportiva la convierten en el gadget perfecto para capturar, con una calidad excepcional, cualquier actividad deportiva. Con funci\u00f3n c\u00e1mara de fotos Full HD 1080p, ranura para tarjetas micro SD de hasta 64 GB de capacidad, pantalla LCD de 2 pulgadas, sistema multilenguaje, y recargable mediante cable mini USB -incluido-. Presentada en atractiva caja de dise\u00f1o.<\/p>","protected":false},"excerpt":{"rendered":"<p>4K. Wifi. Pantalla LCD 2&#8243;. 16 Accesorios. Multilenguaje. Bater\u00eda 900 mAh<\/p>","protected":false},"featured_media":84742,"comment_status":"open","ping_status":"open","template":"","meta":{"inline_featured_image":false},"product_brand":[],"product_cat":[95],"product_tag":[],"class_list":{"0":"post-33634","1":"product","2":"type-product","3":"status-publish","4":"has-post-thumbnail","6":"product_cat-tecnologia-y-accesorios","8":"first","9":"outofstock","10":"taxable","11":"shipping-taxable","12":"purchasable","13":"product-type-variable","14":"has-default-attributes"},"aioseo_notices":[],"_links":{"self":[{"href":"https:\/\/imprimeideas.es\/en\/wp-json\/wp\/v2\/product\/33634","targetHints":{"allow":["GET"]}}],"collection":[{"href":"https:\/\/imprimeideas.es\/en\/wp-json\/wp\/v2\/product"}],"about":[{"href":"https:\/\/imprimeideas.es\/en\/wp-json\/wp\/v2\/types\/product"}],"replies":[{"embeddable":true,"href":"https:\/\/imprimeideas.es\/en\/wp-json\/wp\/v2\/comments?post=33634"}],"version-history":[{"count":1,"href":"https:\/\/imprimeideas.es\/en\/wp-json\/wp\/v2\/product\/33634\/revisions"}],"predecessor-version":[{"id":59820,"href":"https:\/\/imprimeideas.es\/en\/wp-json\/wp\/v2\/product\/33634\/revisions\/59820"}],"wp:featuredmedia":[{"embeddable":true,"href":"https:\/\/imprimeideas.es\/en\/wp-json\/wp\/v2\/media\/84742"}],"wp:attachment":[{"href":"https:\/\/imprimeideas.es\/en\/wp-json\/wp\/v2\/media?parent=33634"}],"wp:term":[{"taxonomy":"product_brand","embeddable":true,"href":"https:\/\/imprimeideas.es\/en\/wp-json\/wp\/v2\/product_brand?post=33634"},{"taxonomy":"product_cat","embeddable":true,"href":"https:\/\/imprimeideas.es\/en\/wp-json\/wp\/v2\/product_cat?post=33634"},{"taxonomy":"product_tag","embeddable":true,"href":"https:\/\/imprimeideas.es\/en\/wp-json\/wp\/v2\/product_tag?post=33634"}],"curies":[{"name":"wp","href":"https:\/\/api.w.org\/{rel}","templated":true}]}}