{"id":33632,"date":"2026-02-24T11:06:21","date_gmt":"2026-02-24T10:06:21","guid":{"rendered":"https:\/\/imprimeideas.es\/?post_type=product&p=33632"},"modified":"2026-02-26T18:32:53","modified_gmt":"2026-02-26T17:32:53","slug":"bolsa-bici-rigon","status":"publish","type":"product","link":"https:\/\/imprimeideas.es\/en\/product\/bolsa-bici-rigon\/","title":{"rendered":"Bolsa Bici Rigon"},"content":{"rendered":"<p>Bolsa multiusos para bicicleta en resistente poli\u00e9ster 600D con acolchado y frontal de PVC con funci\u00f3n t\u00e1ctil. Con salida de auriculares, cierre de cremallera e interior forrado con compartimento para smartphone. Cierre triple de velcro para acople en barra y manillar.<\/p>","protected":false},"excerpt":{"rendered":"<p>Pantalla T\u00e1ctil. Reflectante. Acolchado<\/p>","protected":false},"featured_media":77611,"comment_status":"open","ping_status":"open","template":"","meta":{"inline_featured_image":false},"product_brand":[],"product_cat":[101],"product_tag":[],"class_list":{"0":"post-33632","1":"product","2":"type-product","3":"status-publish","4":"has-post-thumbnail","6":"product_cat-deporte-y-aventura","8":"first","9":"outofstock","10":"taxable","11":"shipping-taxable","12":"purchasable","13":"product-type-variable","14":"has-default-attributes"},"aioseo_notices":[],"_links":{"self":[{"href":"https:\/\/imprimeideas.es\/en\/wp-json\/wp\/v2\/product\/33632","targetHints":{"allow":["GET"]}}],"collection":[{"href":"https:\/\/imprimeideas.es\/en\/wp-json\/wp\/v2\/product"}],"about":[{"href":"https:\/\/imprimeideas.es\/en\/wp-json\/wp\/v2\/types\/product"}],"replies":[{"embeddable":true,"href":"https:\/\/imprimeideas.es\/en\/wp-json\/wp\/v2\/comments?post=33632"}],"version-history":[{"count":1,"href":"https:\/\/imprimeideas.es\/en\/wp-json\/wp\/v2\/product\/33632\/revisions"}],"predecessor-version":[{"id":59818,"href":"https:\/\/imprimeideas.es\/en\/wp-json\/wp\/v2\/product\/33632\/revisions\/59818"}],"wp:featuredmedia":[{"embeddable":true,"href":"https:\/\/imprimeideas.es\/en\/wp-json\/wp\/v2\/media\/77611"}],"wp:attachment":[{"href":"https:\/\/imprimeideas.es\/en\/wp-json\/wp\/v2\/media?parent=33632"}],"wp:term":[{"taxonomy":"product_brand","embeddable":true,"href":"https:\/\/imprimeideas.es\/en\/wp-json\/wp\/v2\/product_brand?post=33632"},{"taxonomy":"product_cat","embeddable":true,"href":"https:\/\/imprimeideas.es\/en\/wp-json\/wp\/v2\/product_cat?post=33632"},{"taxonomy":"product_tag","embeddable":true,"href":"https:\/\/imprimeideas.es\/en\/wp-json\/wp\/v2\/product_tag?post=33632"}],"curies":[{"name":"wp","href":"https:\/\/api.w.org\/{rel}","templated":true}]}}