{"id":33576,"date":"2026-02-24T11:06:16","date_gmt":"2026-02-24T10:06:16","guid":{"rendered":"https:\/\/imprimeideas.es\/?post_type=product&p=33576"},"modified":"2026-02-26T18:33:06","modified_gmt":"2026-02-26T17:33:06","slug":"lanyard-sublimacion-nopak","status":"publish","type":"product","link":"https:\/\/imprimeideas.es\/en\/product\/lanyard-sublimacion-nopak\/","title":{"rendered":"Lanyard Sublimaci\u00f3n Nopak"},"content":{"rendered":"<p>Lanyard con tiras de ancho especial en resistente y suave poli\u00e9ster con accesorio mosquet\u00f3n met\u00e1lico. Especialmente dise\u00f1ado para personalizaci\u00f3n total en sublimaci\u00f3n para pedidos a partir de 250 piezas.<\/p>","protected":false},"excerpt":{"rendered":"<p>Lanyard con tiras de ancho especial en resistente y suave poli\u00e9ster con accesorio mosquet\u00f3n met\u00e1lico. Especialmente dise\u00f1ado para personalizaci\u00f3n total<\/p>","protected":false},"featured_media":78941,"comment_status":"open","ping_status":"open","template":"","meta":{"inline_featured_image":false},"product_brand":[],"product_cat":[113,96,115],"product_tag":[],"class_list":{"0":"post-33576","1":"product","2":"type-product","3":"status-publish","4":"has-post-thumbnail","6":"product_cat-eventos-y-fiesta","7":"product_cat-oficina-y-negocios","8":"product_cat-sublimacion","10":"first","11":"instock","12":"taxable","13":"shipping-taxable","14":"purchasable","15":"product-type-variable","16":"has-default-attributes"},"aioseo_notices":[],"_links":{"self":[{"href":"https:\/\/imprimeideas.es\/en\/wp-json\/wp\/v2\/product\/33576","targetHints":{"allow":["GET"]}}],"collection":[{"href":"https:\/\/imprimeideas.es\/en\/wp-json\/wp\/v2\/product"}],"about":[{"href":"https:\/\/imprimeideas.es\/en\/wp-json\/wp\/v2\/types\/product"}],"replies":[{"embeddable":true,"href":"https:\/\/imprimeideas.es\/en\/wp-json\/wp\/v2\/comments?post=33576"}],"version-history":[{"count":1,"href":"https:\/\/imprimeideas.es\/en\/wp-json\/wp\/v2\/product\/33576\/revisions"}],"predecessor-version":[{"id":59783,"href":"https:\/\/imprimeideas.es\/en\/wp-json\/wp\/v2\/product\/33576\/revisions\/59783"}],"wp:featuredmedia":[{"embeddable":true,"href":"https:\/\/imprimeideas.es\/en\/wp-json\/wp\/v2\/media\/78941"}],"wp:attachment":[{"href":"https:\/\/imprimeideas.es\/en\/wp-json\/wp\/v2\/media?parent=33576"}],"wp:term":[{"taxonomy":"product_brand","embeddable":true,"href":"https:\/\/imprimeideas.es\/en\/wp-json\/wp\/v2\/product_brand?post=33576"},{"taxonomy":"product_cat","embeddable":true,"href":"https:\/\/imprimeideas.es\/en\/wp-json\/wp\/v2\/product_cat?post=33576"},{"taxonomy":"product_tag","embeddable":true,"href":"https:\/\/imprimeideas.es\/en\/wp-json\/wp\/v2\/product_tag?post=33576"}],"curies":[{"name":"wp","href":"https:\/\/api.w.org\/{rel}","templated":true}]}}