{"id":33502,"date":"2026-02-24T11:06:10","date_gmt":"2026-02-24T10:06:10","guid":{"rendered":"https:\/\/imprimeideas.es\/?post_type=product&p=33502"},"modified":"2026-02-26T18:37:36","modified_gmt":"2026-02-26T17:37:36","slug":"boligrafo-trocum","status":"publish","type":"product","link":"https:\/\/imprimeideas.es\/en\/product\/boligrafo-trocum\/","title":{"rendered":"Bol\u00edgrafo Trocum"},"content":{"rendered":"<p>Original bol\u00edgrafo de mecanismo pulsador en elegante dise\u00f1o bicolor. Con cuerpo troquelado en aluminio de suave acabado en variados colores. Original clip, anillas y punta en plateado. De cartucho jumbo y tinta azul.<\/p>","protected":false},"excerpt":{"rendered":"<p>Carga Jumbo<\/p>","protected":false},"featured_media":82973,"comment_status":"open","ping_status":"open","template":"","meta":{"inline_featured_image":false},"product_brand":[],"product_cat":[100],"product_tag":[],"class_list":{"0":"post-33502","1":"product","2":"type-product","3":"status-publish","4":"has-post-thumbnail","6":"product_cat-escritura","8":"first","9":"instock","10":"taxable","11":"shipping-taxable","12":"purchasable","13":"product-type-variable","14":"has-default-attributes"},"aioseo_notices":[],"_links":{"self":[{"href":"https:\/\/imprimeideas.es\/en\/wp-json\/wp\/v2\/product\/33502","targetHints":{"allow":["GET"]}}],"collection":[{"href":"https:\/\/imprimeideas.es\/en\/wp-json\/wp\/v2\/product"}],"about":[{"href":"https:\/\/imprimeideas.es\/en\/wp-json\/wp\/v2\/types\/product"}],"replies":[{"embeddable":true,"href":"https:\/\/imprimeideas.es\/en\/wp-json\/wp\/v2\/comments?post=33502"}],"version-history":[{"count":1,"href":"https:\/\/imprimeideas.es\/en\/wp-json\/wp\/v2\/product\/33502\/revisions"}],"predecessor-version":[{"id":59769,"href":"https:\/\/imprimeideas.es\/en\/wp-json\/wp\/v2\/product\/33502\/revisions\/59769"}],"wp:featuredmedia":[{"embeddable":true,"href":"https:\/\/imprimeideas.es\/en\/wp-json\/wp\/v2\/media\/82973"}],"wp:attachment":[{"href":"https:\/\/imprimeideas.es\/en\/wp-json\/wp\/v2\/media?parent=33502"}],"wp:term":[{"taxonomy":"product_brand","embeddable":true,"href":"https:\/\/imprimeideas.es\/en\/wp-json\/wp\/v2\/product_brand?post=33502"},{"taxonomy":"product_cat","embeddable":true,"href":"https:\/\/imprimeideas.es\/en\/wp-json\/wp\/v2\/product_cat?post=33502"},{"taxonomy":"product_tag","embeddable":true,"href":"https:\/\/imprimeideas.es\/en\/wp-json\/wp\/v2\/product_tag?post=33502"}],"curies":[{"name":"wp","href":"https:\/\/api.w.org\/{rel}","templated":true}]}}