{"id":33490,"date":"2026-02-24T11:06:09","date_gmt":"2026-02-24T10:06:09","guid":{"rendered":"https:\/\/imprimeideas.es\/?post_type=product&p=33490"},"modified":"2026-02-26T18:42:35","modified_gmt":"2026-02-26T17:42:35","slug":"selfie-pai-pai-emoty","status":"publish","type":"product","link":"https:\/\/imprimeideas.es\/en\/product\/selfie-pai-pai-emoty\/","title":{"rendered":"Selfie Pai Pai Emoty"},"content":{"rendered":"<p>Selfie Pai Pai en divertidos dise\u00f1os emoji y llamativo color amarillo. En papel de alto gramaje y con mango de madera. Disponible en dise\u00f1os coraz\u00f3n, gafas de sol, gui\u00f1o y sonrisa.<\/p>","protected":false},"excerpt":{"rendered":"<p>Selfie Pai Pai en divertidos dise\u00f1os emoji y llamativo color amarillo. En papel de alto gramaje y con mango de<\/p>","protected":false},"featured_media":69054,"comment_status":"open","ping_status":"open","template":"","meta":{"inline_featured_image":false},"product_brand":[],"product_cat":[113,128],"product_tag":[],"class_list":{"0":"post-33490","1":"product","2":"type-product","3":"status-publish","4":"has-post-thumbnail","6":"product_cat-eventos-y-fiesta","7":"product_cat-outlet","9":"first","10":"instock","11":"taxable","12":"shipping-taxable","13":"purchasable","14":"product-type-variable","15":"has-default-attributes"},"aioseo_notices":[],"_links":{"self":[{"href":"https:\/\/imprimeideas.es\/en\/wp-json\/wp\/v2\/product\/33490","targetHints":{"allow":["GET"]}}],"collection":[{"href":"https:\/\/imprimeideas.es\/en\/wp-json\/wp\/v2\/product"}],"about":[{"href":"https:\/\/imprimeideas.es\/en\/wp-json\/wp\/v2\/types\/product"}],"replies":[{"embeddable":true,"href":"https:\/\/imprimeideas.es\/en\/wp-json\/wp\/v2\/comments?post=33490"}],"version-history":[{"count":1,"href":"https:\/\/imprimeideas.es\/en\/wp-json\/wp\/v2\/product\/33490\/revisions"}],"predecessor-version":[{"id":59766,"href":"https:\/\/imprimeideas.es\/en\/wp-json\/wp\/v2\/product\/33490\/revisions\/59766"}],"wp:featuredmedia":[{"embeddable":true,"href":"https:\/\/imprimeideas.es\/en\/wp-json\/wp\/v2\/media\/69054"}],"wp:attachment":[{"href":"https:\/\/imprimeideas.es\/en\/wp-json\/wp\/v2\/media?parent=33490"}],"wp:term":[{"taxonomy":"product_brand","embeddable":true,"href":"https:\/\/imprimeideas.es\/en\/wp-json\/wp\/v2\/product_brand?post=33490"},{"taxonomy":"product_cat","embeddable":true,"href":"https:\/\/imprimeideas.es\/en\/wp-json\/wp\/v2\/product_cat?post=33490"},{"taxonomy":"product_tag","embeddable":true,"href":"https:\/\/imprimeideas.es\/en\/wp-json\/wp\/v2\/product_tag?post=33490"}],"curies":[{"name":"wp","href":"https:\/\/api.w.org\/{rel}","templated":true}]}}