{"id":33476,"date":"2026-02-24T11:06:08","date_gmt":"2026-02-24T10:06:08","guid":{"rendered":"https:\/\/imprimeideas.es\/?post_type=product&p=33476"},"modified":"2026-02-26T18:13:40","modified_gmt":"2026-02-26T17:13:40","slug":"monopod-rontiver","status":"publish","type":"product","link":"https:\/\/imprimeideas.es\/en\/product\/monopod-rontiver\/","title":{"rendered":"Monopod Rontiver"},"content":{"rendered":"<p>Divertido palo selfie plegable en dise\u00f1o bicolor con conexi\u00f3n jack de 3,5mm, sistema antigiro y disparador integrado en mango. Recorrido de acero inox y sistema de almohadillas en el soporte para as\u00ed ofrecer un \u00f3ptimo ajuste y protecci\u00f3n del smartphone, adem\u00e1s de una tuerca de ajuste a fijar seg\u00fan la inclinaci\u00f3n que se desee, para as\u00ed hacerse selfies todav\u00eda m\u00e1s variados y divertidos. Compatible con todo tipo de smartphones y especialmente dise\u00f1ado para marcaje en tampograf\u00eda, con accesorios a juego y presentado en atractiva caja de dise\u00f1o.<\/p>","protected":false},"excerpt":{"rendered":"<p>Conexi\u00f3n Jack 3,5 mm. 4 Posiciones<\/p>","protected":false},"featured_media":72410,"comment_status":"open","ping_status":"open","template":"","meta":{"inline_featured_image":false},"product_brand":[],"product_cat":[128],"product_tag":[],"class_list":{"0":"post-33476","1":"product","2":"type-product","3":"status-publish","4":"has-post-thumbnail","6":"product_cat-outlet","8":"first","9":"instock","10":"taxable","11":"shipping-taxable","12":"purchasable","13":"product-type-variable","14":"has-default-attributes"},"aioseo_notices":[],"_links":{"self":[{"href":"https:\/\/imprimeideas.es\/en\/wp-json\/wp\/v2\/product\/33476","targetHints":{"allow":["GET"]}}],"collection":[{"href":"https:\/\/imprimeideas.es\/en\/wp-json\/wp\/v2\/product"}],"about":[{"href":"https:\/\/imprimeideas.es\/en\/wp-json\/wp\/v2\/types\/product"}],"replies":[{"embeddable":true,"href":"https:\/\/imprimeideas.es\/en\/wp-json\/wp\/v2\/comments?post=33476"}],"version-history":[{"count":1,"href":"https:\/\/imprimeideas.es\/en\/wp-json\/wp\/v2\/product\/33476\/revisions"}],"predecessor-version":[{"id":59762,"href":"https:\/\/imprimeideas.es\/en\/wp-json\/wp\/v2\/product\/33476\/revisions\/59762"}],"wp:featuredmedia":[{"embeddable":true,"href":"https:\/\/imprimeideas.es\/en\/wp-json\/wp\/v2\/media\/72410"}],"wp:attachment":[{"href":"https:\/\/imprimeideas.es\/en\/wp-json\/wp\/v2\/media?parent=33476"}],"wp:term":[{"taxonomy":"product_brand","embeddable":true,"href":"https:\/\/imprimeideas.es\/en\/wp-json\/wp\/v2\/product_brand?post=33476"},{"taxonomy":"product_cat","embeddable":true,"href":"https:\/\/imprimeideas.es\/en\/wp-json\/wp\/v2\/product_cat?post=33476"},{"taxonomy":"product_tag","embeddable":true,"href":"https:\/\/imprimeideas.es\/en\/wp-json\/wp\/v2\/product_tag?post=33476"}],"curies":[{"name":"wp","href":"https:\/\/api.w.org\/{rel}","templated":true}]}}