{"id":33435,"date":"2026-02-24T11:06:05","date_gmt":"2026-02-24T10:06:05","guid":{"rendered":"https:\/\/imprimeideas.es\/?post_type=product&p=33435"},"modified":"2026-02-26T18:42:24","modified_gmt":"2026-02-26T17:42:24","slug":"tarjetero-rainol","status":"publish","type":"product","link":"https:\/\/imprimeideas.es\/en\/product\/tarjetero-rainol\/","title":{"rendered":"Tarjetero Rainol"},"content":{"rendered":"<p>Tarjetero con tecnolog\u00eda de seguridad RFID (Identificaci\u00f3n por Radio Frecuencia) que mantiene seguros tus dispositivos de transmisi\u00f3n de identidad. De resistente dise\u00f1o en aluminio, con 6 compartimentos distribuidos en acorde\u00f3n y zona lisa en el exterior dise\u00f1ada para marcaje en l\u00e1ser.<\/p>","protected":false},"excerpt":{"rendered":"<p>Protector RFID. 6 Compartimentos<\/p>","protected":false},"featured_media":66380,"comment_status":"open","ping_status":"open","template":"","meta":{"inline_featured_image":false},"product_brand":[],"product_cat":[106,95],"product_tag":[],"class_list":{"0":"post-33435","1":"product","2":"type-product","3":"status-publish","4":"has-post-thumbnail","6":"product_cat-regalos-y-premiums","7":"product_cat-tecnologia-y-accesorios","9":"first","10":"instock","11":"taxable","12":"shipping-taxable","13":"purchasable","14":"product-type-variable","15":"has-default-attributes"},"aioseo_notices":[],"_links":{"self":[{"href":"https:\/\/imprimeideas.es\/en\/wp-json\/wp\/v2\/product\/33435","targetHints":{"allow":["GET"]}}],"collection":[{"href":"https:\/\/imprimeideas.es\/en\/wp-json\/wp\/v2\/product"}],"about":[{"href":"https:\/\/imprimeideas.es\/en\/wp-json\/wp\/v2\/types\/product"}],"replies":[{"embeddable":true,"href":"https:\/\/imprimeideas.es\/en\/wp-json\/wp\/v2\/comments?post=33435"}],"version-history":[{"count":1,"href":"https:\/\/imprimeideas.es\/en\/wp-json\/wp\/v2\/product\/33435\/revisions"}],"predecessor-version":[{"id":59754,"href":"https:\/\/imprimeideas.es\/en\/wp-json\/wp\/v2\/product\/33435\/revisions\/59754"}],"wp:featuredmedia":[{"embeddable":true,"href":"https:\/\/imprimeideas.es\/en\/wp-json\/wp\/v2\/media\/66380"}],"wp:attachment":[{"href":"https:\/\/imprimeideas.es\/en\/wp-json\/wp\/v2\/media?parent=33435"}],"wp:term":[{"taxonomy":"product_brand","embeddable":true,"href":"https:\/\/imprimeideas.es\/en\/wp-json\/wp\/v2\/product_brand?post=33435"},{"taxonomy":"product_cat","embeddable":true,"href":"https:\/\/imprimeideas.es\/en\/wp-json\/wp\/v2\/product_cat?post=33435"},{"taxonomy":"product_tag","embeddable":true,"href":"https:\/\/imprimeideas.es\/en\/wp-json\/wp\/v2\/product_tag?post=33435"}],"curies":[{"name":"wp","href":"https:\/\/api.w.org\/{rel}","templated":true}]}}