{"id":33422,"date":"2026-02-24T11:06:04","date_gmt":"2026-02-24T10:06:04","guid":{"rendered":"https:\/\/imprimeideas.es\/?post_type=product&p=33422"},"modified":"2026-02-26T18:42:38","modified_gmt":"2026-02-26T17:42:38","slug":"colchoneta-donutk","status":"publish","type":"product","link":"https:\/\/imprimeideas.es\/en\/product\/colchoneta-donutk\/","title":{"rendered":"Colchoneta Donutk"},"content":{"rendered":"<p>Original colchoneta inflable en PVC de tama\u00f1o maxi y en forma de donut con bocado. Presentada con plegado especial para f\u00e1cil impresi\u00f3n.<\/p>","protected":false},"excerpt":{"rendered":"<p>Plegado Especial para Impresi\u00f3n<\/p>","protected":false},"featured_media":82037,"comment_status":"open","ping_status":"open","template":"","meta":{"inline_featured_image":false},"product_brand":[],"product_cat":[114],"product_tag":[],"class_list":{"0":"post-33422","1":"product","2":"type-product","3":"status-publish","4":"has-post-thumbnail","6":"product_cat-verano-y-playa","8":"first","9":"instock","10":"taxable","11":"shipping-taxable","12":"purchasable","13":"product-type-variable","14":"has-default-attributes"},"aioseo_notices":[],"_links":{"self":[{"href":"https:\/\/imprimeideas.es\/en\/wp-json\/wp\/v2\/product\/33422","targetHints":{"allow":["GET"]}}],"collection":[{"href":"https:\/\/imprimeideas.es\/en\/wp-json\/wp\/v2\/product"}],"about":[{"href":"https:\/\/imprimeideas.es\/en\/wp-json\/wp\/v2\/types\/product"}],"replies":[{"embeddable":true,"href":"https:\/\/imprimeideas.es\/en\/wp-json\/wp\/v2\/comments?post=33422"}],"version-history":[{"count":1,"href":"https:\/\/imprimeideas.es\/en\/wp-json\/wp\/v2\/product\/33422\/revisions"}],"predecessor-version":[{"id":59751,"href":"https:\/\/imprimeideas.es\/en\/wp-json\/wp\/v2\/product\/33422\/revisions\/59751"}],"wp:featuredmedia":[{"embeddable":true,"href":"https:\/\/imprimeideas.es\/en\/wp-json\/wp\/v2\/media\/82037"}],"wp:attachment":[{"href":"https:\/\/imprimeideas.es\/en\/wp-json\/wp\/v2\/media?parent=33422"}],"wp:term":[{"taxonomy":"product_brand","embeddable":true,"href":"https:\/\/imprimeideas.es\/en\/wp-json\/wp\/v2\/product_brand?post=33422"},{"taxonomy":"product_cat","embeddable":true,"href":"https:\/\/imprimeideas.es\/en\/wp-json\/wp\/v2\/product_cat?post=33422"},{"taxonomy":"product_tag","embeddable":true,"href":"https:\/\/imprimeideas.es\/en\/wp-json\/wp\/v2\/product_tag?post=33422"}],"curies":[{"name":"wp","href":"https:\/\/api.w.org\/{rel}","templated":true}]}}