{"id":33409,"date":"2026-02-24T11:06:03","date_gmt":"2026-02-24T10:06:03","guid":{"rendered":"https:\/\/imprimeideas.es\/?post_type=product&p=33409"},"modified":"2026-02-25T19:56:41","modified_gmt":"2026-02-25T18:56:41","slug":"auriculares-mayun","status":"publish","type":"product","link":"https:\/\/imprimeideas.es\/en\/product\/auriculares-mayun\/","title":{"rendered":"Auriculares Mayun"},"content":{"rendered":"<p>C\u00f3modos Auriculares intraurales de conexi\u00f3n Bluetooth y desenfadado dise\u00f1o bicolor. De suave tacto y especialmente dise\u00f1ados para la pr\u00e1ctica de actividades deportivas y de ocio, incluyen botones de control integrados en el cable. Con accesorio de sujeci\u00f3n para la oreja y almohadillas de recambio. Con cable y accesorios a juego, recargables mediante cable mini USB -incluido-, compatibles con dispositivos iOS\/Android y presentados en atractiva caja de dise\u00f1o.<\/p>","protected":false},"excerpt":{"rendered":"<p>Conexi\u00f3n Bluetooth. Bater\u00eda 60 mAh<\/p>","protected":false},"featured_media":73974,"comment_status":"open","ping_status":"open","template":"","meta":{"inline_featured_image":false},"product_brand":[],"product_cat":[128,95],"product_tag":[],"class_list":{"0":"post-33409","1":"product","2":"type-product","3":"status-publish","4":"has-post-thumbnail","6":"product_cat-outlet","7":"product_cat-tecnologia-y-accesorios","9":"first","10":"outofstock","11":"taxable","12":"shipping-taxable","13":"purchasable","14":"product-type-variable","15":"has-default-attributes"},"aioseo_notices":[],"_links":{"self":[{"href":"https:\/\/imprimeideas.es\/en\/wp-json\/wp\/v2\/product\/33409","targetHints":{"allow":["GET"]}}],"collection":[{"href":"https:\/\/imprimeideas.es\/en\/wp-json\/wp\/v2\/product"}],"about":[{"href":"https:\/\/imprimeideas.es\/en\/wp-json\/wp\/v2\/types\/product"}],"replies":[{"embeddable":true,"href":"https:\/\/imprimeideas.es\/en\/wp-json\/wp\/v2\/comments?post=33409"}],"version-history":[{"count":1,"href":"https:\/\/imprimeideas.es\/en\/wp-json\/wp\/v2\/product\/33409\/revisions"}],"predecessor-version":[{"id":59748,"href":"https:\/\/imprimeideas.es\/en\/wp-json\/wp\/v2\/product\/33409\/revisions\/59748"}],"wp:featuredmedia":[{"embeddable":true,"href":"https:\/\/imprimeideas.es\/en\/wp-json\/wp\/v2\/media\/73974"}],"wp:attachment":[{"href":"https:\/\/imprimeideas.es\/en\/wp-json\/wp\/v2\/media?parent=33409"}],"wp:term":[{"taxonomy":"product_brand","embeddable":true,"href":"https:\/\/imprimeideas.es\/en\/wp-json\/wp\/v2\/product_brand?post=33409"},{"taxonomy":"product_cat","embeddable":true,"href":"https:\/\/imprimeideas.es\/en\/wp-json\/wp\/v2\/product_cat?post=33409"},{"taxonomy":"product_tag","embeddable":true,"href":"https:\/\/imprimeideas.es\/en\/wp-json\/wp\/v2\/product_tag?post=33409"}],"curies":[{"name":"wp","href":"https:\/\/api.w.org\/{rel}","templated":true}]}}