{"id":33357,"date":"2026-02-24T11:05:44","date_gmt":"2026-02-24T10:05:44","guid":{"rendered":"https:\/\/imprimeideas.es\/?post_type=product&p=33357"},"modified":"2026-02-26T18:19:43","modified_gmt":"2026-02-26T17:19:43","slug":"rinonera-wanel","status":"publish","type":"product","link":"https:\/\/imprimeideas.es\/en\/product\/rinonera-wanel\/","title":{"rendered":"Ri\u00f1onera Wanel"},"content":{"rendered":"<p>Ri\u00f1onera de alta calidad y resistente a las salpicaduras de agua en lycra de variados colores. Bolsillo principal en resistente PVC con funci\u00f3n t\u00e1ctil. Dise\u00f1ada para actividades deportivas y de ocio. Con bolsillo de cierre de cremallera a juego, salida para auriculares y cintura el\u00e1stica con cierre de clic ajustable.<\/p>","protected":false},"excerpt":{"rendered":"<p>Pantalla T\u00e1ctil. Reflectante<\/p>","protected":false},"featured_media":74548,"comment_status":"open","ping_status":"open","template":"","meta":{"inline_featured_image":false},"product_brand":[],"product_cat":[101,95],"product_tag":[],"class_list":{"0":"post-33357","1":"product","2":"type-product","3":"status-publish","4":"has-post-thumbnail","6":"product_cat-deporte-y-aventura","7":"product_cat-tecnologia-y-accesorios","9":"first","10":"instock","11":"taxable","12":"shipping-taxable","13":"purchasable","14":"product-type-variable","15":"has-default-attributes"},"aioseo_notices":[],"_links":{"self":[{"href":"https:\/\/imprimeideas.es\/en\/wp-json\/wp\/v2\/product\/33357","targetHints":{"allow":["GET"]}}],"collection":[{"href":"https:\/\/imprimeideas.es\/en\/wp-json\/wp\/v2\/product"}],"about":[{"href":"https:\/\/imprimeideas.es\/en\/wp-json\/wp\/v2\/types\/product"}],"replies":[{"embeddable":true,"href":"https:\/\/imprimeideas.es\/en\/wp-json\/wp\/v2\/comments?post=33357"}],"version-history":[{"count":1,"href":"https:\/\/imprimeideas.es\/en\/wp-json\/wp\/v2\/product\/33357\/revisions"}],"predecessor-version":[{"id":59741,"href":"https:\/\/imprimeideas.es\/en\/wp-json\/wp\/v2\/product\/33357\/revisions\/59741"}],"wp:featuredmedia":[{"embeddable":true,"href":"https:\/\/imprimeideas.es\/en\/wp-json\/wp\/v2\/media\/74548"}],"wp:attachment":[{"href":"https:\/\/imprimeideas.es\/en\/wp-json\/wp\/v2\/media?parent=33357"}],"wp:term":[{"taxonomy":"product_brand","embeddable":true,"href":"https:\/\/imprimeideas.es\/en\/wp-json\/wp\/v2\/product_brand?post=33357"},{"taxonomy":"product_cat","embeddable":true,"href":"https:\/\/imprimeideas.es\/en\/wp-json\/wp\/v2\/product_cat?post=33357"},{"taxonomy":"product_tag","embeddable":true,"href":"https:\/\/imprimeideas.es\/en\/wp-json\/wp\/v2\/product_tag?post=33357"}],"curies":[{"name":"wp","href":"https:\/\/api.w.org\/{rel}","templated":true}]}}