{"id":33299,"date":"2026-02-24T11:05:40","date_gmt":"2026-02-24T10:05:40","guid":{"rendered":"https:\/\/imprimeideas.es\/?post_type=product&p=33299"},"modified":"2026-02-26T18:32:49","modified_gmt":"2026-02-26T17:32:49","slug":"taza-lousa","status":"publish","type":"product","link":"https:\/\/imprimeideas.es\/en\/product\/taza-lousa\/","title":{"rendered":"Taza Lousa"},"content":{"rendered":"<p>Taza de cer\u00e1mica de alta calidad de 350ml de capacidad. Parte exterior en vivos colores, especialmente dise\u00f1ada para marcaje en l\u00e1ser, e interior en color blanco. Al grabar el logotipo en la parte exterior, se muestra el color del interior de la taza. Presentada en caja individual.Disponible manual de instrucciones en espa\u00f1ol e ingl\u00e9s.<\/p>","protected":false},"excerpt":{"rendered":"<p>350 ml<\/p>","protected":false},"featured_media":76200,"comment_status":"open","ping_status":"open","template":"","meta":{"inline_featured_image":false},"product_brand":[],"product_cat":[97],"product_tag":[],"class_list":{"0":"post-33299","1":"product","2":"type-product","3":"status-publish","4":"has-post-thumbnail","6":"product_cat-tazas-jarras-y-termos","8":"first","9":"instock","10":"taxable","11":"shipping-taxable","12":"purchasable","13":"product-type-variable","14":"has-default-attributes"},"aioseo_notices":[],"_links":{"self":[{"href":"https:\/\/imprimeideas.es\/en\/wp-json\/wp\/v2\/product\/33299","targetHints":{"allow":["GET"]}}],"collection":[{"href":"https:\/\/imprimeideas.es\/en\/wp-json\/wp\/v2\/product"}],"about":[{"href":"https:\/\/imprimeideas.es\/en\/wp-json\/wp\/v2\/types\/product"}],"replies":[{"embeddable":true,"href":"https:\/\/imprimeideas.es\/en\/wp-json\/wp\/v2\/comments?post=33299"}],"version-history":[{"count":1,"href":"https:\/\/imprimeideas.es\/en\/wp-json\/wp\/v2\/product\/33299\/revisions"}],"predecessor-version":[{"id":59732,"href":"https:\/\/imprimeideas.es\/en\/wp-json\/wp\/v2\/product\/33299\/revisions\/59732"}],"wp:featuredmedia":[{"embeddable":true,"href":"https:\/\/imprimeideas.es\/en\/wp-json\/wp\/v2\/media\/76200"}],"wp:attachment":[{"href":"https:\/\/imprimeideas.es\/en\/wp-json\/wp\/v2\/media?parent=33299"}],"wp:term":[{"taxonomy":"product_brand","embeddable":true,"href":"https:\/\/imprimeideas.es\/en\/wp-json\/wp\/v2\/product_brand?post=33299"},{"taxonomy":"product_cat","embeddable":true,"href":"https:\/\/imprimeideas.es\/en\/wp-json\/wp\/v2\/product_cat?post=33299"},{"taxonomy":"product_tag","embeddable":true,"href":"https:\/\/imprimeideas.es\/en\/wp-json\/wp\/v2\/product_tag?post=33299"}],"curies":[{"name":"wp","href":"https:\/\/api.w.org\/{rel}","templated":true}]}}