{"id":33289,"date":"2026-02-24T11:05:39","date_gmt":"2026-02-24T10:05:39","guid":{"rendered":"https:\/\/imprimeideas.es\/?post_type=product&p=33289"},"modified":"2026-02-26T18:13:52","modified_gmt":"2026-02-26T17:13:52","slug":"alcoholimetro-gamp","status":"publish","type":"product","link":"https:\/\/imprimeideas.es\/en\/product\/alcoholimetro-gamp\/","title":{"rendered":"Alcohol\u00edmetro Gamp"},"content":{"rendered":"<p>Alcohol\u00edmetro de bolsillo con sistema de medici\u00f3n por espiraci\u00f3n de aire. Con pantalla LCD integrada y en suave acabado liso de color blanco, especialmente dise\u00f1ado para impresi\u00f3n en tampograf\u00eda. Incluye c\u00f3moda cinta de transporte. Alimentaci\u00f3n a pilas: 2xAAA no incluidas y con manual de uso en ingl\u00e9s y espa\u00f1ol. Presentado en atractiva caja de dise\u00f1o.<\/p>","protected":false},"excerpt":{"rendered":"<p>2 Pilas AAA No Incluidas<\/p>","protected":false},"featured_media":67331,"comment_status":"open","ping_status":"open","template":"","meta":{"inline_featured_image":false},"product_brand":[],"product_cat":[110,95],"product_tag":[],"class_list":{"0":"post-33289","1":"product","2":"type-product","3":"status-publish","4":"has-post-thumbnail","6":"product_cat-herramientas-brico-y-automovil","7":"product_cat-tecnologia-y-accesorios","9":"first","10":"instock","11":"taxable","12":"shipping-taxable","13":"purchasable","14":"product-type-variable","15":"has-default-attributes"},"aioseo_notices":[],"_links":{"self":[{"href":"https:\/\/imprimeideas.es\/en\/wp-json\/wp\/v2\/product\/33289","targetHints":{"allow":["GET"]}}],"collection":[{"href":"https:\/\/imprimeideas.es\/en\/wp-json\/wp\/v2\/product"}],"about":[{"href":"https:\/\/imprimeideas.es\/en\/wp-json\/wp\/v2\/types\/product"}],"replies":[{"embeddable":true,"href":"https:\/\/imprimeideas.es\/en\/wp-json\/wp\/v2\/comments?post=33289"}],"version-history":[{"count":1,"href":"https:\/\/imprimeideas.es\/en\/wp-json\/wp\/v2\/product\/33289\/revisions"}],"predecessor-version":[{"id":59730,"href":"https:\/\/imprimeideas.es\/en\/wp-json\/wp\/v2\/product\/33289\/revisions\/59730"}],"wp:featuredmedia":[{"embeddable":true,"href":"https:\/\/imprimeideas.es\/en\/wp-json\/wp\/v2\/media\/67331"}],"wp:attachment":[{"href":"https:\/\/imprimeideas.es\/en\/wp-json\/wp\/v2\/media?parent=33289"}],"wp:term":[{"taxonomy":"product_brand","embeddable":true,"href":"https:\/\/imprimeideas.es\/en\/wp-json\/wp\/v2\/product_brand?post=33289"},{"taxonomy":"product_cat","embeddable":true,"href":"https:\/\/imprimeideas.es\/en\/wp-json\/wp\/v2\/product_cat?post=33289"},{"taxonomy":"product_tag","embeddable":true,"href":"https:\/\/imprimeideas.es\/en\/wp-json\/wp\/v2\/product_tag?post=33289"}],"curies":[{"name":"wp","href":"https:\/\/api.w.org\/{rel}","templated":true}]}}