{"id":33276,"date":"2026-02-24T11:05:38","date_gmt":"2026-02-24T10:05:38","guid":{"rendered":"https:\/\/imprimeideas.es\/?post_type=product&p=33276"},"modified":"2026-02-26T18:19:13","modified_gmt":"2026-02-26T17:19:13","slug":"soporte-daminus","status":"publish","type":"product","link":"https:\/\/imprimeideas.es\/en\/product\/soporte-daminus\/","title":{"rendered":"Soporte Daminus"},"content":{"rendered":"<p>Soporte para smartphone de dise\u00f1o minimalista y elegante acabado bicolor en blanco y negro. Con sistema de fijaci\u00f3n para rejilla de ventilaci\u00f3n del autom\u00f3vil y pastilla circular frontal especialmente dise\u00f1ada para marcaje en tampograf\u00eda.<\/p>","protected":false},"excerpt":{"rendered":"<p>Ajustable<\/p>","protected":false},"featured_media":84052,"comment_status":"open","ping_status":"open","template":"","meta":{"inline_featured_image":false},"product_brand":[],"product_cat":[110],"product_tag":[],"class_list":{"0":"post-33276","1":"product","2":"type-product","3":"status-publish","4":"has-post-thumbnail","6":"product_cat-herramientas-brico-y-automovil","8":"first","9":"outofstock","10":"taxable","11":"shipping-taxable","12":"purchasable","13":"product-type-variable","14":"has-default-attributes"},"aioseo_notices":[],"_links":{"self":[{"href":"https:\/\/imprimeideas.es\/en\/wp-json\/wp\/v2\/product\/33276","targetHints":{"allow":["GET"]}}],"collection":[{"href":"https:\/\/imprimeideas.es\/en\/wp-json\/wp\/v2\/product"}],"about":[{"href":"https:\/\/imprimeideas.es\/en\/wp-json\/wp\/v2\/types\/product"}],"replies":[{"embeddable":true,"href":"https:\/\/imprimeideas.es\/en\/wp-json\/wp\/v2\/comments?post=33276"}],"version-history":[{"count":1,"href":"https:\/\/imprimeideas.es\/en\/wp-json\/wp\/v2\/product\/33276\/revisions"}],"predecessor-version":[{"id":59727,"href":"https:\/\/imprimeideas.es\/en\/wp-json\/wp\/v2\/product\/33276\/revisions\/59727"}],"wp:featuredmedia":[{"embeddable":true,"href":"https:\/\/imprimeideas.es\/en\/wp-json\/wp\/v2\/media\/84052"}],"wp:attachment":[{"href":"https:\/\/imprimeideas.es\/en\/wp-json\/wp\/v2\/media?parent=33276"}],"wp:term":[{"taxonomy":"product_brand","embeddable":true,"href":"https:\/\/imprimeideas.es\/en\/wp-json\/wp\/v2\/product_brand?post=33276"},{"taxonomy":"product_cat","embeddable":true,"href":"https:\/\/imprimeideas.es\/en\/wp-json\/wp\/v2\/product_cat?post=33276"},{"taxonomy":"product_tag","embeddable":true,"href":"https:\/\/imprimeideas.es\/en\/wp-json\/wp\/v2\/product_tag?post=33276"}],"curies":[{"name":"wp","href":"https:\/\/api.w.org\/{rel}","templated":true}]}}