{"id":33268,"date":"2026-02-24T11:05:38","date_gmt":"2026-02-24T10:05:38","guid":{"rendered":"https:\/\/imprimeideas.es\/?post_type=product&p=33268"},"modified":"2026-02-26T18:33:02","modified_gmt":"2026-02-26T17:33:02","slug":"set-heleon","status":"publish","type":"product","link":"https:\/\/imprimeideas.es\/en\/product\/set-heleon\/","title":{"rendered":"Set Heleon"},"content":{"rendered":"<p>Set de bol\u00edgrafo de mecanismo pulsador y portaminas en original combinaci\u00f3n de cuerpo en madera de bamb\u00fa natural y accesorios de acabado met\u00e1lico en color plateado brillante. Presentado en estuche individual troquelado de cart\u00f3n brillante con acabado s\u00edmil madera. Bol\u00edgrafo de cartucho jumbo con tinta azul y portaminas con minas de 0,7mm incluidas.<\/p>","protected":false},"excerpt":{"rendered":"<p>Bol\u00edgrafo Carga Jumbo. Portaminas: Minas 0,7 mm Incluidas<\/p>","protected":false},"featured_media":34104,"comment_status":"open","ping_status":"open","template":"","meta":{"inline_featured_image":false},"product_brand":[],"product_cat":[122,100],"product_tag":[],"class_list":{"0":"post-33268","1":"product","2":"type-product","3":"status-publish","4":"has-post-thumbnail","6":"product_cat-articulos-sostenibles","7":"product_cat-escritura","9":"first","10":"instock","11":"taxable","12":"shipping-taxable","13":"purchasable","14":"product-type-variable","15":"has-default-attributes"},"aioseo_notices":[],"_links":{"self":[{"href":"https:\/\/imprimeideas.es\/en\/wp-json\/wp\/v2\/product\/33268","targetHints":{"allow":["GET"]}}],"collection":[{"href":"https:\/\/imprimeideas.es\/en\/wp-json\/wp\/v2\/product"}],"about":[{"href":"https:\/\/imprimeideas.es\/en\/wp-json\/wp\/v2\/types\/product"}],"replies":[{"embeddable":true,"href":"https:\/\/imprimeideas.es\/en\/wp-json\/wp\/v2\/comments?post=33268"}],"version-history":[{"count":1,"href":"https:\/\/imprimeideas.es\/en\/wp-json\/wp\/v2\/product\/33268\/revisions"}],"predecessor-version":[{"id":59725,"href":"https:\/\/imprimeideas.es\/en\/wp-json\/wp\/v2\/product\/33268\/revisions\/59725"}],"wp:featuredmedia":[{"embeddable":true,"href":"https:\/\/imprimeideas.es\/en\/wp-json\/wp\/v2\/media\/34104"}],"wp:attachment":[{"href":"https:\/\/imprimeideas.es\/en\/wp-json\/wp\/v2\/media?parent=33268"}],"wp:term":[{"taxonomy":"product_brand","embeddable":true,"href":"https:\/\/imprimeideas.es\/en\/wp-json\/wp\/v2\/product_brand?post=33268"},{"taxonomy":"product_cat","embeddable":true,"href":"https:\/\/imprimeideas.es\/en\/wp-json\/wp\/v2\/product_cat?post=33268"},{"taxonomy":"product_tag","embeddable":true,"href":"https:\/\/imprimeideas.es\/en\/wp-json\/wp\/v2\/product_tag?post=33268"}],"curies":[{"name":"wp","href":"https:\/\/api.w.org\/{rel}","templated":true}]}}