{"id":33093,"date":"2026-02-24T11:05:25","date_gmt":"2026-02-24T10:05:25","guid":{"rendered":"https:\/\/imprimeideas.es\/?post_type=product&p=33093"},"modified":"2026-02-26T18:37:29","modified_gmt":"2026-02-26T17:37:29","slug":"gafas-realidad-virtual-bercley","status":"publish","type":"product","link":"https:\/\/imprimeideas.es\/en\/product\/gafas-realidad-virtual-bercley\/","title":{"rendered":"Gafas Realidad Virtual Bercley"},"content":{"rendered":"<p>Gafas de realidad virtual con lentes y bandeja ajustables para todo tipo de smartphones. Conexiones de entrada de audio jack de 3,5mm, c\u00f3modas cintas el\u00e1sticas ajustables para la cabeza, y acolchado alrededor de la zona de los ojos para mayor confort. Pa\u00f1o limpiador de microfibra para las lentes incluido. Presentadas en atractiva caja de dise\u00f1o.<\/p>","protected":false},"excerpt":{"rendered":"<p>Lentes Ajustables. Entradas Jack 3,5 mm<\/p>","protected":false},"featured_media":69384,"comment_status":"open","ping_status":"open","template":"","meta":{"inline_featured_image":false},"product_brand":[],"product_cat":[101,110,108],"product_tag":[],"class_list":{"0":"post-33093","1":"product","2":"type-product","3":"status-publish","4":"has-post-thumbnail","6":"product_cat-deporte-y-aventura","7":"product_cat-herramientas-brico-y-automovil","8":"product_cat-infantil","10":"first","11":"outofstock","12":"taxable","13":"shipping-taxable","14":"purchasable","15":"product-type-variable","16":"has-default-attributes"},"aioseo_notices":[],"_links":{"self":[{"href":"https:\/\/imprimeideas.es\/en\/wp-json\/wp\/v2\/product\/33093","targetHints":{"allow":["GET"]}}],"collection":[{"href":"https:\/\/imprimeideas.es\/en\/wp-json\/wp\/v2\/product"}],"about":[{"href":"https:\/\/imprimeideas.es\/en\/wp-json\/wp\/v2\/types\/product"}],"replies":[{"embeddable":true,"href":"https:\/\/imprimeideas.es\/en\/wp-json\/wp\/v2\/comments?post=33093"}],"version-history":[{"count":1,"href":"https:\/\/imprimeideas.es\/en\/wp-json\/wp\/v2\/product\/33093\/revisions"}],"predecessor-version":[{"id":59710,"href":"https:\/\/imprimeideas.es\/en\/wp-json\/wp\/v2\/product\/33093\/revisions\/59710"}],"wp:featuredmedia":[{"embeddable":true,"href":"https:\/\/imprimeideas.es\/en\/wp-json\/wp\/v2\/media\/69384"}],"wp:attachment":[{"href":"https:\/\/imprimeideas.es\/en\/wp-json\/wp\/v2\/media?parent=33093"}],"wp:term":[{"taxonomy":"product_brand","embeddable":true,"href":"https:\/\/imprimeideas.es\/en\/wp-json\/wp\/v2\/product_brand?post=33093"},{"taxonomy":"product_cat","embeddable":true,"href":"https:\/\/imprimeideas.es\/en\/wp-json\/wp\/v2\/product_cat?post=33093"},{"taxonomy":"product_tag","embeddable":true,"href":"https:\/\/imprimeideas.es\/en\/wp-json\/wp\/v2\/product_tag?post=33093"}],"curies":[{"name":"wp","href":"https:\/\/api.w.org\/{rel}","templated":true}]}}