{"id":33001,"date":"2026-02-24T11:05:18","date_gmt":"2026-02-24T10:05:18","guid":{"rendered":"https:\/\/imprimeideas.es\/?post_type=product&p=33001"},"modified":"2026-02-26T18:19:12","modified_gmt":"2026-02-26T17:19:12","slug":"puntero-laser-presentador-haslam","status":"publish","type":"product","link":"https:\/\/imprimeideas.es\/en\/product\/puntero-laser-presentador-haslam\/","title":{"rendered":"Puntero L\u00e1ser Presentador Haslam"},"content":{"rendered":"<p>Elegante puntero l\u00e1ser de clase 2 con conexi\u00f3n USB y de suave acabado. Especialmente dise\u00f1ado para presentaciones PowerPoint y Keynote, incorpora pulsadores de activaci\u00f3n laterales, con botones de avance, pausa y retroceso. Con cuerpo especialmente dise\u00f1ado para marcaje en tampograf\u00eda. Alimentaci\u00f3n a pilas: 1xAAA incluida. Presentado en elegante y resistente estuche de cart\u00f3n negro, con suave esponja troquelada y compartimento para pila.<\/p>","protected":false},"excerpt":{"rendered":"<p>Inal\u00e1mbrico. Conexi\u00f3n USB. 1 Pila AAA\/ R03 Incluida<\/p>","protected":false},"featured_media":75221,"comment_status":"open","ping_status":"open","template":"","meta":{"inline_featured_image":false},"product_brand":[],"product_cat":[96],"product_tag":[],"class_list":{"0":"post-33001","1":"product","2":"type-product","3":"status-publish","4":"has-post-thumbnail","6":"product_cat-oficina-y-negocios","8":"first","9":"instock","10":"taxable","11":"shipping-taxable","12":"purchasable","13":"product-type-variable","14":"has-default-attributes"},"aioseo_notices":[],"_links":{"self":[{"href":"https:\/\/imprimeideas.es\/en\/wp-json\/wp\/v2\/product\/33001","targetHints":{"allow":["GET"]}}],"collection":[{"href":"https:\/\/imprimeideas.es\/en\/wp-json\/wp\/v2\/product"}],"about":[{"href":"https:\/\/imprimeideas.es\/en\/wp-json\/wp\/v2\/types\/product"}],"replies":[{"embeddable":true,"href":"https:\/\/imprimeideas.es\/en\/wp-json\/wp\/v2\/comments?post=33001"}],"version-history":[{"count":1,"href":"https:\/\/imprimeideas.es\/en\/wp-json\/wp\/v2\/product\/33001\/revisions"}],"predecessor-version":[{"id":59693,"href":"https:\/\/imprimeideas.es\/en\/wp-json\/wp\/v2\/product\/33001\/revisions\/59693"}],"wp:featuredmedia":[{"embeddable":true,"href":"https:\/\/imprimeideas.es\/en\/wp-json\/wp\/v2\/media\/75221"}],"wp:attachment":[{"href":"https:\/\/imprimeideas.es\/en\/wp-json\/wp\/v2\/media?parent=33001"}],"wp:term":[{"taxonomy":"product_brand","embeddable":true,"href":"https:\/\/imprimeideas.es\/en\/wp-json\/wp\/v2\/product_brand?post=33001"},{"taxonomy":"product_cat","embeddable":true,"href":"https:\/\/imprimeideas.es\/en\/wp-json\/wp\/v2\/product_cat?post=33001"},{"taxonomy":"product_tag","embeddable":true,"href":"https:\/\/imprimeideas.es\/en\/wp-json\/wp\/v2\/product_tag?post=33001"}],"curies":[{"name":"wp","href":"https:\/\/api.w.org\/{rel}","templated":true}]}}