{"id":32997,"date":"2026-02-24T11:05:17","date_gmt":"2026-02-24T10:05:17","guid":{"rendered":"https:\/\/imprimeideas.es\/?post_type=product&p=32997"},"modified":"2026-02-26T18:42:36","modified_gmt":"2026-02-26T17:42:36","slug":"puerto-usb-weeper","status":"publish","type":"product","link":"https:\/\/imprimeideas.es\/en\/product\/puerto-usb-weeper\/","title":{"rendered":"Puerto USB Weeper"},"content":{"rendered":"<p>Puerto USB de dise\u00f1o bicolor y elegante acabado en aluminio. Incorpora 4 puertos USB 2.0 para conectar multitud de dispositivos y est\u00e1 especialmente dise\u00f1ado para marcaje en l\u00e1ser. Presentado en caja individual.<\/p>","protected":false},"excerpt":{"rendered":"<p>4 Puertos. USB 2.0<\/p>","protected":false},"featured_media":82656,"comment_status":"open","ping_status":"open","template":"","meta":{"inline_featured_image":false},"product_brand":[],"product_cat":[96,95],"product_tag":[],"class_list":{"0":"post-32997","1":"product","2":"type-product","3":"status-publish","4":"has-post-thumbnail","6":"product_cat-oficina-y-negocios","7":"product_cat-tecnologia-y-accesorios","9":"first","10":"instock","11":"taxable","12":"shipping-taxable","13":"purchasable","14":"product-type-variable","15":"has-default-attributes"},"aioseo_notices":[],"_links":{"self":[{"href":"https:\/\/imprimeideas.es\/en\/wp-json\/wp\/v2\/product\/32997","targetHints":{"allow":["GET"]}}],"collection":[{"href":"https:\/\/imprimeideas.es\/en\/wp-json\/wp\/v2\/product"}],"about":[{"href":"https:\/\/imprimeideas.es\/en\/wp-json\/wp\/v2\/types\/product"}],"replies":[{"embeddable":true,"href":"https:\/\/imprimeideas.es\/en\/wp-json\/wp\/v2\/comments?post=32997"}],"version-history":[{"count":1,"href":"https:\/\/imprimeideas.es\/en\/wp-json\/wp\/v2\/product\/32997\/revisions"}],"predecessor-version":[{"id":59692,"href":"https:\/\/imprimeideas.es\/en\/wp-json\/wp\/v2\/product\/32997\/revisions\/59692"}],"wp:featuredmedia":[{"embeddable":true,"href":"https:\/\/imprimeideas.es\/en\/wp-json\/wp\/v2\/media\/82656"}],"wp:attachment":[{"href":"https:\/\/imprimeideas.es\/en\/wp-json\/wp\/v2\/media?parent=32997"}],"wp:term":[{"taxonomy":"product_brand","embeddable":true,"href":"https:\/\/imprimeideas.es\/en\/wp-json\/wp\/v2\/product_brand?post=32997"},{"taxonomy":"product_cat","embeddable":true,"href":"https:\/\/imprimeideas.es\/en\/wp-json\/wp\/v2\/product_cat?post=32997"},{"taxonomy":"product_tag","embeddable":true,"href":"https:\/\/imprimeideas.es\/en\/wp-json\/wp\/v2\/product_tag?post=32997"}],"curies":[{"name":"wp","href":"https:\/\/api.w.org\/{rel}","templated":true}]}}